{"id":3600,"date":"2024-01-15T06:49:33","date_gmt":"2024-01-15T06:49:33","guid":{"rendered":"https:\/\/redescubramossonora.mx\/renaturasonora\/?page_id=3600"},"modified":"2025-09-22T18:21:26","modified_gmt":"2025-09-22T18:21:26","slug":"programa-de-visitas-guiadas","status":"publish","type":"page","link":"https:\/\/redescubramossonora.mx\/renaturasonora\/programa-de-visitas-guiadas\/","title":{"rendered":"PROGRAMA DE VISITAS GUIADAS"},"content":{"rendered":"\t\t<div data-elementor-type=\"wp-page\" data-elementor-id=\"3600\" class=\"elementor elementor-3600\" data-elementor-post-type=\"page\">\n\t\t\t\t\t\t<section class=\"elementor-section elementor-top-section elementor-element elementor-element-9e2edd4 elementor-section-boxed elementor-section-height-default elementor-section-height-default wpr-particle-no wpr-sticky-section-no wpr-equal-height-no\" data-id=\"9e2edd4\" data-element_type=\"section\" data-e-type=\"section\">\n\t\t\t\t\t\t<div class=\"elementor-container elementor-column-gap-default\">\n\t\t\t\t\t<div class=\"elementor-column elementor-col-100 elementor-top-column elementor-element elementor-element-b95b07c\" data-id=\"b95b07c\" data-element_type=\"column\" data-e-type=\"column\">\n\t\t\t<div class=\"elementor-widget-wrap elementor-element-populated\">\n\t\t\t\t\t\t<div class=\"elementor-element elementor-element-3bb18b3 elementor-widget elementor-widget-text-editor\" data-id=\"3bb18b3\" data-element_type=\"widget\" data-e-type=\"widget\" data-widget_type=\"text-editor.default\">\n\t\t\t\t<div class=\"elementor-widget-container\">\n\t\t\t\t\t\t\t\t\t<p>El programa de visita contempla un recorrido general por el jard\u00edn observando sus diferentes componentes y sus singularidades, con el objeto de acercar al visitante el mundo de la etnobiolog\u00eda, para hacer comprensible la riqueza biocultural que tenemos en el estado de Sonora y de sus grupos originarios, para entender y difundir su cultura y la importancia de las plantas en su vida cotidiana. Las visitas guiadas se realizan para todos los niveles y los contenidos se adaptan a los conocimientos de cada grupo.<\/p>\t\t\t\t\t\t\t\t<\/div>\n\t\t\t\t<\/div>\n\t\t\t\t\t<\/div>\n\t\t<\/div>\n\t\t\t\t\t<\/div>\n\t\t<\/section>\n\t\t\t\t<section class=\"elementor-section elementor-top-section elementor-element elementor-element-a66147a elementor-section-boxed elementor-section-height-default elementor-section-height-default wpr-particle-no wpr-sticky-section-no wpr-equal-height-no\" data-id=\"a66147a\" data-element_type=\"section\" data-e-type=\"section\">\n\t\t\t\t\t\t<div class=\"elementor-container elementor-column-gap-default\">\n\t\t\t\t\t<div class=\"elementor-column elementor-col-33 elementor-top-column elementor-element elementor-element-032fb8a\" data-id=\"032fb8a\" data-element_type=\"column\" data-e-type=\"column\">\n\t\t\t<div class=\"elementor-widget-wrap elementor-element-populated\">\n\t\t\t\t\t\t<div class=\"elementor-element elementor-element-6e09afa elementor-widget elementor-widget-text-editor\" data-id=\"6e09afa\" data-element_type=\"widget\" data-e-type=\"widget\" data-widget_type=\"text-editor.default\">\n\t\t\t\t<div class=\"elementor-widget-container\">\n\t\t\t\t\t\t\t\t\t<p><strong>OBJETIVOS<\/strong><br \/>-Acercar al p\u00fablico el mundo de la etnobiolog\u00eda y aumentar sus conocimientos en la materia.<br \/>-Hacer comprensible la complejidad del mundo vegetal y de la biodiversidad en general<br \/>-Mostrar a los visitantes la importancia que tienen las especies de flora y fauna en la vida cotidiana denuestras etnias del estado.<br \/>-Despertar y estimular el esp\u00edritu descubridor, de investigaci\u00f3n y conservacionista respecto al mundo de las plantas, en particular, y de la Naturaleza en general.<br \/>-Promover la conservaci\u00f3n de saberes y conocimientos ancestrales, mostrar la riqueza biocultural de los principales grupos originarios de Sonora.<\/p><p><strong>CONTENIDOS GENERALES:<\/strong><br \/>-Los usos de las plantas: Terraza de los Cuadros. En esta parte del Jard\u00edn, las plantas est\u00e1n colocadas porusos. Un recorrido por esta terraza mostrar\u00e1 a los alumnos la importancia que tienen los vegetales en lavida cotidiana. Se observar\u00e1n las plantas medicinales, ornamentales, comestibles, arom\u00e1ticas.<br \/>-Los \u00e1rboles del Jard\u00edn: Terraza Bot\u00e1nica. Dependiendo de la \u00e9poca del a\u00f1o se visitar\u00e1n una serie de \u00e1rboles y se dar\u00e1n sencillas explicaciones sobre sus caracter\u00edsticas, usos, leyendas, etc. En este recorrido se introducir\u00e1n conceptos de evoluci\u00f3n de las plantas, reproducci\u00f3n, dispersi\u00f3n de frutos y semillas, tipos de hojas, adaptaciones, etc.<br \/>-Plantas adaptadas a medios extremos: Invernadero. Un recorrido por el invernadero mostrar\u00e1 a los alumnos las adaptaciones que han\u00a0<a href=\"https:\/\/lean6sigma.org.ua\">https:\/\/lean6sigma.org.ua<\/a> desarrollado algunas plantas que crecen en condiciones clim\u00e1ticas extremas. La visita se centrar\u00e1 principalmente en el desierto<\/p>\t\t\t\t\t\t\t\t<\/div>\n\t\t\t\t<\/div>\n\t\t\t\t\t<\/div>\n\t\t<\/div>\n\t\t\t\t<div class=\"elementor-column elementor-col-66 elementor-top-column elementor-element elementor-element-fb61678\" data-id=\"fb61678\" data-element_type=\"column\" data-e-type=\"column\">\n\t\t\t<div class=\"elementor-widget-wrap elementor-element-populated\">\n\t\t\t\t\t\t<div class=\"elementor-element elementor-element-5e6e909 elementor-widget elementor-widget-image\" data-id=\"5e6e909\" data-element_type=\"widget\" data-e-type=\"widget\" data-widget_type=\"image.default\">\n\t\t\t\t<div class=\"elementor-widget-container\">\n\t\t\t\t\t\t\t\t\t\t\t\t\t\t\t<img fetchpriority=\"high\" decoding=\"async\" width=\"1290\" height=\"968\" src=\"https:\/\/redescubramossonora.mx\/renaturasonora\/wp-content\/uploads\/2024\/01\/IMG20220308123907-1-2048x1536.jpg\" class=\"attachment-large size-large wp-image-3609\" alt=\"\" srcset=\"https:\/\/redescubramossonora.mx\/renaturasonora\/wp-content\/uploads\/2024\/01\/IMG20220308123907-1-2048x1536.jpg 2048w, https:\/\/redescubramossonora.mx\/renaturasonora\/wp-content\/uploads\/2024\/01\/IMG20220308123907-1-300x225.jpg 300w, https:\/\/redescubramossonora.mx\/renaturasonora\/wp-content\/uploads\/2024\/01\/IMG20220308123907-1-768x576.jpg 768w, https:\/\/redescubramossonora.mx\/renaturasonora\/wp-content\/uploads\/2024\/01\/IMG20220308123907-1-1536x1152.jpg 1536w, https:\/\/redescubramossonora.mx\/renaturasonora\/wp-content\/uploads\/2024\/01\/IMG20220308123907-1-205x154.jpg 205w, https:\/\/redescubramossonora.mx\/renaturasonora\/wp-content\/uploads\/2024\/01\/IMG20220308123907-1-480x360.jpg 480w\" sizes=\"(max-width: 1290px) 100vw, 1290px\" \/>\t\t\t\t\t\t\t\t\t\t\t\t\t\t\t<\/div>\n\t\t\t\t<\/div>\n\t\t\t\t<div class=\"elementor-element elementor-element-02c8cbc elementor-widget elementor-widget-image\" data-id=\"02c8cbc\" data-element_type=\"widget\" data-e-type=\"widget\" data-widget_type=\"image.default\">\n\t\t\t\t<div class=\"elementor-widget-container\">\n\t\t\t\t\t\t\t\t\t\t\t\t\t\t\t<img decoding=\"async\" width=\"1290\" height=\"860\" src=\"https:\/\/redescubramossonora.mx\/renaturasonora\/wp-content\/uploads\/2024\/01\/IMG_1362-2048x1365.jpg\" class=\"attachment-large size-large wp-image-3278\" alt=\"\" srcset=\"https:\/\/redescubramossonora.mx\/renaturasonora\/wp-content\/uploads\/2024\/01\/IMG_1362-2048x1365.jpg 2048w, https:\/\/redescubramossonora.mx\/renaturasonora\/wp-content\/uploads\/2024\/01\/IMG_1362-300x200.jpg 300w, https:\/\/redescubramossonora.mx\/renaturasonora\/wp-content\/uploads\/2024\/01\/IMG_1362-768x512.jpg 768w, https:\/\/redescubramossonora.mx\/renaturasonora\/wp-content\/uploads\/2024\/01\/IMG_1362-1536x1024.jpg 1536w, https:\/\/redescubramossonora.mx\/renaturasonora\/wp-content\/uploads\/2024\/01\/IMG_1362-205x137.jpg 205w, https:\/\/redescubramossonora.mx\/renaturasonora\/wp-content\/uploads\/2024\/01\/IMG_1362-480x320.jpg 480w\" sizes=\"(max-width: 1290px) 100vw, 1290px\" \/>\t\t\t\t\t\t\t\t\t\t\t\t\t\t\t<\/div>\n\t\t\t\t<\/div>\n\t\t\t\t\t<\/div>\n\t\t<\/div>\n\t\t\t\t\t<\/div>\n\t\t<\/section>\n\t\t\t\t<section class=\"elementor-section elementor-top-section elementor-element elementor-element-28e1f5b elementor-section-boxed elementor-section-height-default elementor-section-height-default wpr-particle-no wpr-sticky-section-no wpr-equal-height-no\" data-id=\"28e1f5b\" data-element_type=\"section\" data-e-type=\"section\">\n\t\t\t\t\t\t<div class=\"elementor-container elementor-column-gap-default\">\n\t\t\t\t\t<div class=\"elementor-column elementor-col-50 elementor-top-column elementor-element elementor-element-c4c4b84\" data-id=\"c4c4b84\" data-element_type=\"column\" data-e-type=\"column\">\n\t\t\t<div class=\"elementor-widget-wrap elementor-element-populated\">\n\t\t\t\t\t\t<div class=\"elementor-element elementor-element-a1067ee elementor-widget elementor-widget-text-editor\" data-id=\"a1067ee\" data-element_type=\"widget\" data-e-type=\"widget\" data-widget_type=\"text-editor.default\">\n\t\t\t\t<div class=\"elementor-widget-container\">\n\t\t\t\t\t\t\t\t\t<p><strong>N\u00ba DE PARTICIPANTES:<\/strong><br \/>Grupos de 20 personas, cada grupo ser\u00e1 guiado por un monitor.<\/p>\t\t\t\t\t\t\t\t<\/div>\n\t\t\t\t<\/div>\n\t\t\t\t\t<\/div>\n\t\t<\/div>\n\t\t\t\t<div class=\"elementor-column elementor-col-50 elementor-top-column elementor-element elementor-element-24ff5eb\" data-id=\"24ff5eb\" data-element_type=\"column\" data-e-type=\"column\">\n\t\t\t<div class=\"elementor-widget-wrap elementor-element-populated\">\n\t\t\t\t\t\t<div class=\"elementor-element elementor-element-faaa322 elementor-widget elementor-widget-text-editor\" data-id=\"faaa322\" data-element_type=\"widget\" data-e-type=\"widget\" data-widget_type=\"text-editor.default\">\n\t\t\t\t<div class=\"elementor-widget-container\">\n\t\t\t\t\t\t\t\t\t<p><strong>DURACI\u00d3N:<\/strong><br \/>Hora y media.<\/p>\t\t\t\t\t\t\t\t<\/div>\n\t\t\t\t<\/div>\n\t\t\t\t\t<\/div>\n\t\t<\/div>\n\t\t\t\t\t<\/div>\n\t\t<\/section>\n\t\t\t\t<section class=\"elementor-section elementor-top-section elementor-element elementor-element-de809fb elementor-section-boxed elementor-section-height-default elementor-section-height-default wpr-particle-no wpr-sticky-section-no wpr-equal-height-no\" data-id=\"de809fb\" data-element_type=\"section\" data-e-type=\"section\">\n\t\t\t\t\t\t<div class=\"elementor-container elementor-column-gap-default\">\n\t\t\t\t\t<div class=\"elementor-column elementor-col-100 elementor-top-column elementor-element elementor-element-9b382da\" data-id=\"9b382da\" data-element_type=\"column\" data-e-type=\"column\">\n\t\t\t<div class=\"elementor-widget-wrap elementor-element-populated\">\n\t\t\t\t\t\t<div class=\"elementor-element elementor-element-2535b80 elementor-widget elementor-widget-text-editor\" data-id=\"2535b80\" data-element_type=\"widget\" data-e-type=\"widget\" data-widget_type=\"text-editor.default\">\n\t\t\t\t<div class=\"elementor-widget-container\">\n\t\t\t\t\t\t\t\t\t<p><strong>RECORRIDO<\/strong><br \/>El recorrido indicado es aproximado. Podr\u00e1 variar en funci\u00f3n de la estaci\u00f3n, condiciones clim\u00e1ticas y a trabajos de conservaci\u00f3n y mantenimiento que se pueden estar desarrollando en las instalaciones del jard\u00edn RENATURA.<\/p>\t\t\t\t\t\t\t\t<\/div>\n\t\t\t\t<\/div>\n\t\t\t\t\t<\/div>\n\t\t<\/div>\n\t\t\t\t\t<\/div>\n\t\t<\/section>\n\t\t\t\t<section class=\"elementor-section elementor-top-section elementor-element elementor-element-bf13181 elementor-section-boxed elementor-section-height-default elementor-section-height-default wpr-particle-no wpr-sticky-section-no wpr-equal-height-no\" data-id=\"bf13181\" data-element_type=\"section\" data-e-type=\"section\">\n\t\t\t\t\t\t<div class=\"elementor-container elementor-column-gap-default\">\n\t\t\t\t\t<div class=\"elementor-column elementor-col-100 elementor-top-column elementor-element elementor-element-35491cb\" data-id=\"35491cb\" data-element_type=\"column\" data-e-type=\"column\">\n\t\t\t<div class=\"elementor-widget-wrap elementor-element-populated\">\n\t\t\t\t\t\t<div class=\"elementor-element elementor-element-8a3f18e elementor-widget-divider--view-line elementor-widget elementor-widget-divider\" data-id=\"8a3f18e\" data-element_type=\"widget\" data-e-type=\"widget\" data-widget_type=\"divider.default\">\n\t\t\t\t<div class=\"elementor-widget-container\">\n\t\t\t\t\t\t\t<div class=\"elementor-divider\">\n\t\t\t<span class=\"elementor-divider-separator\">\n\t\t\t\t\t\t<\/span>\n\t\t<\/div>\n\t\t\t\t\t\t<\/div>\n\t\t\t\t<\/div>\n\t\t\t\t\t<\/div>\n\t\t<\/div>\n\t\t\t\t\t<\/div>\n\t\t<\/section>\n\t\t\t\t<section class=\"elementor-section elementor-top-section elementor-element elementor-element-9344d66 elementor-section-boxed elementor-section-height-default elementor-section-height-default wpr-particle-no wpr-sticky-section-no wpr-equal-height-no\" data-id=\"9344d66\" data-element_type=\"section\" data-e-type=\"section\">\n\t\t\t\t\t\t<div class=\"elementor-container elementor-column-gap-default\">\n\t\t\t\t\t<div class=\"elementor-column elementor-col-100 elementor-top-column elementor-element elementor-element-de620d6\" data-id=\"de620d6\" data-element_type=\"column\" data-e-type=\"column\">\n\t\t\t<div class=\"elementor-widget-wrap elementor-element-populated\">\n\t\t\t\t\t\t<div class=\"elementor-element elementor-element-d06678b elementor-widget elementor-widget-heading\" data-id=\"d06678b\" data-element_type=\"widget\" data-e-type=\"widget\" data-widget_type=\"heading.default\">\n\t\t\t\t<div class=\"elementor-widget-container\">\n\t\t\t\t\t<h5 class=\"elementor-heading-title elementor-size-default\">\u00a1Agenda tu visita!<\/h5>\t\t\t\t<\/div>\n\t\t\t\t<\/div>\n\t\t\t\t\t<\/div>\n\t\t<\/div>\n\t\t\t\t\t<\/div>\n\t\t<\/section>\n\t\t\t\t<section class=\"elementor-section elementor-top-section elementor-element elementor-element-20f007b elementor-section-boxed elementor-section-height-default elementor-section-height-default wpr-particle-no wpr-sticky-section-no wpr-equal-height-no\" data-id=\"20f007b\" data-element_type=\"section\" data-e-type=\"section\">\n\t\t\t\t\t\t<div class=\"elementor-container elementor-column-gap-default\">\n\t\t\t\t\t<div class=\"elementor-column elementor-col-100 elementor-top-column elementor-element elementor-element-b2e2c56\" data-id=\"b2e2c56\" data-element_type=\"column\" data-e-type=\"column\">\n\t\t\t<div class=\"elementor-widget-wrap elementor-element-populated\">\n\t\t\t\t\t\t<div class=\"elementor-element elementor-element-2d5d0d3 elementor-widget elementor-widget-shortcode\" data-id=\"2d5d0d3\" data-element_type=\"widget\" data-e-type=\"widget\" data-widget_type=\"shortcode.default\">\n\t\t\t\t<div class=\"elementor-widget-container\">\n\t\t\t\t\t\t\t<div class=\"elementor-shortcode\">\n<div class=\"wpforms-container wpforms-container-full\" id=\"wpforms-2535\"><form id=\"wpforms-form-2535\" class=\"wpforms-validate wpforms-form wpforms-ajax-form\" data-formid=\"2535\" method=\"post\" enctype=\"multipart\/form-data\" action=\"\/renaturasonora\/wp-json\/wp\/v2\/pages\/3600\" data-token=\"8af48f5585dcb688060a756cf7f3fa27\" data-token-time=\"1777698371\"><noscript class=\"wpforms-error-noscript\">Por favor, activa JavaScript en tu navegador para completar este formulario.<\/noscript><div class=\"wpforms-field-container\"><div id=\"wpforms-2535-field_1-container\" class=\"wpforms-field wpforms-field-text\" data-field-id=\"1\"><label class=\"wpforms-field-label\" for=\"wpforms-2535-field_1\">Nombre<\/label><input type=\"text\" id=\"wpforms-2535-field_1\" class=\"wpforms-field-medium\" name=\"wpforms[fields][1]\" ><\/div><div id=\"wpforms-2535-field_3-container\" class=\"wpforms-field wpforms-field-email\" data-field-id=\"3\"><label class=\"wpforms-field-label\" for=\"wpforms-2535-field_3\">Correo electr\u00f3nico <span class=\"wpforms-required-label\">*<\/span><\/label><input type=\"email\" id=\"wpforms-2535-field_3\" class=\"wpforms-field-medium wpforms-field-required\" name=\"wpforms[fields][3]\" spellcheck=\"false\" required><\/div><div id=\"wpforms-2535-field_4-container\" class=\"wpforms-field wpforms-field-textarea\" data-field-id=\"4\"><label class=\"wpforms-field-label\" for=\"wpforms-2535-field_4\">Mensaje<\/label><textarea id=\"wpforms-2535-field_4\" class=\"wpforms-field-medium\" name=\"wpforms[fields][4]\" ><\/textarea><\/div><\/div><!-- .wpforms-field-container --><div class=\"wpforms-submit-container\" ><input type=\"hidden\" name=\"wpforms[id]\" value=\"2535\"><input type=\"hidden\" name=\"page_title\" value=\"\"><input type=\"hidden\" name=\"page_url\" value=\"https:\/\/redescubramossonora.mx\/renaturasonora\/wp-json\/wp\/v2\/pages\/3600\"><input type=\"hidden\" name=\"url_referer\" value=\"\"><button type=\"submit\" name=\"wpforms[submit]\" id=\"wpforms-submit-2535\" class=\"wpforms-submit\" data-alt-text=\"Enviando...\" data-submit-text=\"Enviar\" aria-live=\"assertive\" value=\"wpforms-submit\">Enviar<\/button><img decoding=\"async\" src=\"https:\/\/redescubramossonora.mx\/renaturasonora\/wp-content\/plugins\/wpforms-lite\/assets\/images\/submit-spin.svg\" class=\"wpforms-submit-spinner\" style=\"display: none;\" width=\"26\" height=\"26\" alt=\"Cargando\"><\/div><\/form><\/div>  <!-- .wpforms-container --><\/div>\n\t\t\t\t\t\t<\/div>\n\t\t\t\t<\/div>\n\t\t\t\t\t<\/div>\n\t\t<\/div>\n\t\t\t\t\t<\/div>\n\t\t<\/section>\n\t\t\t\t<\/div>\n\t\t","protected":false},"excerpt":{"rendered":"<p>El programa de visita contempla un recorrido general por el jard\u00edn observando sus diferentes componentes y sus singularidades, con el objeto de acercar al visitante el mundo de la etnobiolog\u00eda, para hacer comprensible la riqueza biocultural que tenemos en el estado de Sonora y de sus grupos originarios, para entender y difundir su cultura y la importancia de las plantas en su vida cotidiana. Las visitas guiadas se realizan para todos los niveles y los contenidos se adaptan a los conocimientos de cada grupo. OBJETIVOS-Acercar al p\u00fablico el mundo de la etnobiolog\u00eda y aumentar sus conocimientos en la materia.-Hacer comprensible la complejidad del mundo vegetal y de la biodiversidad en general-Mostrar a los visitantes la importancia que tienen las especies de flora y fauna en la vida cotidiana denuestras etnias del estado.-Despertar y estimular el esp\u00edritu descubridor, de investigaci\u00f3n y conservacionista respecto al mundo de las plantas, en particular, y de la Naturaleza en general.-Promover la conservaci\u00f3n de saberes y conocimientos ancestrales, mostrar la riqueza biocultural de los principales grupos originarios de Sonora. CONTENIDOS GENERALES:-Los usos de las plantas: Terraza de los Cuadros. En esta parte del Jard\u00edn, las plantas est\u00e1n colocadas porusos. Un recorrido por esta terraza mostrar\u00e1 a los alumnos la importancia que tienen los vegetales en lavida cotidiana. Se observar\u00e1n las plantas medicinales, ornamentales, comestibles, arom\u00e1ticas.-Los \u00e1rboles del Jard\u00edn: Terraza Bot\u00e1nica. Dependiendo de la \u00e9poca del a\u00f1o se visitar\u00e1n una serie de \u00e1rboles y se dar\u00e1n sencillas explicaciones sobre sus caracter\u00edsticas, usos, leyendas, etc. En este recorrido se introducir\u00e1n conceptos de evoluci\u00f3n de las plantas, reproducci\u00f3n, dispersi\u00f3n de frutos y semillas, tipos de hojas, adaptaciones, etc.-Plantas adaptadas a medios extremos: Invernadero. Un recorrido por el invernadero mostrar\u00e1 a los alumnos las adaptaciones que han\u00a0https:\/\/lean6sigma.org.ua desarrollado algunas plantas que crecen en condiciones clim\u00e1ticas extremas. La visita se centrar\u00e1 principalmente en el desierto N\u00ba DE PARTICIPANTES:Grupos de 20 personas, cada grupo ser\u00e1 guiado por un monitor. DURACI\u00d3N:Hora y media. RECORRIDOEl recorrido indicado es aproximado. Podr\u00e1 variar en funci\u00f3n de la estaci\u00f3n, condiciones clim\u00e1ticas y a trabajos de conservaci\u00f3n y mantenimiento que se pueden estar desarrollando en las instalaciones del jard\u00edn RENATURA. \u00a1Agenda tu visita!<\/p>\n","protected":false},"author":2,"featured_media":0,"parent":0,"menu_order":0,"comment_status":"closed","ping_status":"closed","template":"","meta":{"footnotes":""},"class_list":["post-3600","page","type-page","status-publish","hentry"],"blocksy_meta":{"styles_descriptor":{"styles":{"desktop":"","tablet":"","mobile":""},"google_fonts":[],"version":6}},"_links":{"self":[{"href":"https:\/\/redescubramossonora.mx\/renaturasonora\/wp-json\/wp\/v2\/pages\/3600","targetHints":{"allow":["GET"]}}],"collection":[{"href":"https:\/\/redescubramossonora.mx\/renaturasonora\/wp-json\/wp\/v2\/pages"}],"about":[{"href":"https:\/\/redescubramossonora.mx\/renaturasonora\/wp-json\/wp\/v2\/types\/page"}],"author":[{"embeddable":true,"href":"https:\/\/redescubramossonora.mx\/renaturasonora\/wp-json\/wp\/v2\/users\/2"}],"replies":[{"embeddable":true,"href":"https:\/\/redescubramossonora.mx\/renaturasonora\/wp-json\/wp\/v2\/comments?post=3600"}],"version-history":[{"count":79,"href":"https:\/\/redescubramossonora.mx\/renaturasonora\/wp-json\/wp\/v2\/pages\/3600\/revisions"}],"predecessor-version":[{"id":4178,"href":"https:\/\/redescubramossonora.mx\/renaturasonora\/wp-json\/wp\/v2\/pages\/3600\/revisions\/4178"}],"wp:attachment":[{"href":"https:\/\/redescubramossonora.mx\/renaturasonora\/wp-json\/wp\/v2\/media?parent=3600"}],"curies":[{"name":"wp","href":"https:\/\/api.w.org\/{rel}","templated":true}]}}