{"id":3272,"date":"2024-01-13T19:01:40","date_gmt":"2024-01-13T19:01:40","guid":{"rendered":"https:\/\/redescubramossonora.mx\/renaturasonora\/?page_id=3272"},"modified":"2025-09-22T18:19:56","modified_gmt":"2025-09-22T18:19:56","slug":"servicios-educativos","status":"publish","type":"page","link":"https:\/\/redescubramossonora.mx\/renaturasonora\/servicios-educativos\/","title":{"rendered":"SERVICIOS EDUCATIVOS"},"content":{"rendered":"\t\t<div data-elementor-type=\"wp-page\" data-elementor-id=\"3272\" class=\"elementor elementor-3272\" data-elementor-post-type=\"page\">\n\t\t\t\t\t\t<section class=\"elementor-section elementor-top-section elementor-element elementor-element-064248b elementor-section-boxed elementor-section-height-default elementor-section-height-default wpr-particle-no wpr-sticky-section-no wpr-equal-height-no\" data-id=\"064248b\" data-element_type=\"section\" data-e-type=\"section\">\n\t\t\t\t\t\t<div class=\"elementor-container elementor-column-gap-default\">\n\t\t\t\t\t<div class=\"elementor-column elementor-col-50 elementor-top-column elementor-element elementor-element-2cb3f29\" data-id=\"2cb3f29\" data-element_type=\"column\" data-e-type=\"column\">\n\t\t\t<div class=\"elementor-widget-wrap elementor-element-populated\">\n\t\t\t\t\t\t<div class=\"elementor-element elementor-element-9f52043 elementor-widget elementor-widget-text-editor\" data-id=\"9f52043\" data-element_type=\"widget\" data-e-type=\"widget\" data-widget_type=\"text-editor.default\">\n\t\t\t\t<div class=\"elementor-widget-container\">\n\t\t\t\t\t\t\t\t\t<p><strong>Actividades:<\/strong><\/p><p>\u2022\u00a0 Conferencias<br \/>\u2022\u00a0 Talleres<br \/>\u2022\u00a0 Exposiciones<br \/>\u2022\u00a0 Visitas Guiadas<br \/>\u2022\u00a0 Grupos ambientales<br \/>\u2022\u00a0 Investigaci\u00f3n y difusi\u00f3n biocultural<br \/>\u2022\u00a0 Certificaciones<\/p>\t\t\t\t\t\t\t\t<\/div>\n\t\t\t\t<\/div>\n\t\t\t\t\t<\/div>\n\t\t<\/div>\n\t\t\t\t<div class=\"elementor-column elementor-col-50 elementor-top-column elementor-element elementor-element-2112ab9\" data-id=\"2112ab9\" data-element_type=\"column\" data-e-type=\"column\">\n\t\t\t<div class=\"elementor-widget-wrap elementor-element-populated\">\n\t\t\t\t\t\t<div class=\"elementor-element elementor-element-d02564c elementor-widget elementor-widget-text-editor\" data-id=\"d02564c\" data-element_type=\"widget\" data-e-type=\"widget\" data-widget_type=\"text-editor.default\">\n\t\t\t\t<div class=\"elementor-widget-container\">\n\t\t\t\t\t\t\t\t\t<p><strong>Servicios:<\/strong><\/p><ul><li>Educaci\u00f3n ambiental<\/li><li>Apoyo y atenci\u00f3n a Comunidades<\/li><li>Eventos tur\u00edsticos y paisajistas<\/li><li>Capacitaciones <a href=\"https:\/\/ra-studio.com.ua\">ra-studio.com.ua<\/a><\/li><li>Certificaciones<\/li><li>Eventos Culturales<\/li><li>Espacios para talleres, platicas, congresos<\/li><li>Espacios de recreaci\u00f3n<\/li><li>Investigaci\u00f3n y divulgaci\u00f3n cient\u00edfica.<\/li><\/ul>\t\t\t\t\t\t\t\t<\/div>\n\t\t\t\t<\/div>\n\t\t\t\t\t<\/div>\n\t\t<\/div>\n\t\t\t\t\t<\/div>\n\t\t<\/section>\n\t\t\t\t<section class=\"elementor-section elementor-top-section elementor-element elementor-element-25b4afc elementor-section-boxed elementor-section-height-default elementor-section-height-default wpr-particle-no wpr-sticky-section-no wpr-equal-height-no\" data-id=\"25b4afc\" data-element_type=\"section\" data-e-type=\"section\">\n\t\t\t\t\t\t<div class=\"elementor-container elementor-column-gap-default\">\n\t\t\t\t\t<div class=\"elementor-column elementor-col-100 elementor-top-column elementor-element elementor-element-559eee3\" data-id=\"559eee3\" data-element_type=\"column\" data-e-type=\"column\">\n\t\t\t<div class=\"elementor-widget-wrap elementor-element-populated\">\n\t\t\t\t\t\t<div class=\"elementor-element elementor-element-df61311 elementor-widget elementor-widget-gallery\" data-id=\"df61311\" data-element_type=\"widget\" data-e-type=\"widget\" data-settings=\"{&quot;lazyload&quot;:&quot;yes&quot;,&quot;gallery_layout&quot;:&quot;grid&quot;,&quot;columns&quot;:4,&quot;columns_tablet&quot;:2,&quot;columns_mobile&quot;:1,&quot;gap&quot;:{&quot;unit&quot;:&quot;px&quot;,&quot;size&quot;:10,&quot;sizes&quot;:[]},&quot;gap_tablet&quot;:{&quot;unit&quot;:&quot;px&quot;,&quot;size&quot;:10,&quot;sizes&quot;:[]},&quot;gap_mobile&quot;:{&quot;unit&quot;:&quot;px&quot;,&quot;size&quot;:10,&quot;sizes&quot;:[]},&quot;link_to&quot;:&quot;file&quot;,&quot;aspect_ratio&quot;:&quot;3:2&quot;,&quot;overlay_background&quot;:&quot;yes&quot;,&quot;content_hover_animation&quot;:&quot;fade-in&quot;}\" data-widget_type=\"gallery.default\">\n\t\t\t\t<div class=\"elementor-widget-container\">\n\t\t\t\t\t\t\t<div class=\"elementor-gallery__container\">\n\t\t\t\t\t\t\t<a class=\"e-gallery-item elementor-gallery-item elementor-animated-content\" href=\"https:\/\/redescubramossonora.mx\/renaturasonora\/wp-content\/uploads\/2024\/01\/IMG_1168-scaled.jpg\" data-elementor-open-lightbox=\"yes\" data-elementor-lightbox-slideshow=\"df61311\" data-elementor-lightbox-title=\"IMG_1168\" data-e-action-hash=\"#elementor-action%3Aaction%3Dlightbox%26settings%3DeyJpZCI6MzI3NiwidXJsIjoiaHR0cHM6XC9cL3JlZGVzY3VicmFtb3Nzb25vcmEubXhcL3JlbmF0dXJhc29ub3JhXC93cC1jb250ZW50XC91cGxvYWRzXC8yMDI0XC8wMVwvSU1HXzExNjgtc2NhbGVkLmpwZyIsInNsaWRlc2hvdyI6ImRmNjEzMTEifQ%3D%3D\">\n\t\t\t\t\t<div class=\"e-gallery-image elementor-gallery-item__image\" data-thumbnail=\"https:\/\/redescubramossonora.mx\/renaturasonora\/wp-content\/uploads\/2024\/01\/IMG_1168-300x200.jpg\" data-width=\"300\" data-height=\"200\" aria-label=\"\" role=\"img\" ><\/div>\n\t\t\t\t\t\t\t\t\t\t\t<div class=\"elementor-gallery-item__overlay\"><\/div>\n\t\t\t\t\t\t\t\t\t\t\t\t\t\t<\/a>\n\t\t\t\t\t\t\t<a class=\"e-gallery-item elementor-gallery-item elementor-animated-content\" href=\"https:\/\/redescubramossonora.mx\/renaturasonora\/wp-content\/uploads\/2024\/01\/IMG_1250-scaled.jpg\" data-elementor-open-lightbox=\"yes\" data-elementor-lightbox-slideshow=\"df61311\" data-elementor-lightbox-title=\"IMG_1250\" data-e-action-hash=\"#elementor-action%3Aaction%3Dlightbox%26settings%3DeyJpZCI6MzI3NywidXJsIjoiaHR0cHM6XC9cL3JlZGVzY3VicmFtb3Nzb25vcmEubXhcL3JlbmF0dXJhc29ub3JhXC93cC1jb250ZW50XC91cGxvYWRzXC8yMDI0XC8wMVwvSU1HXzEyNTAtc2NhbGVkLmpwZyIsInNsaWRlc2hvdyI6ImRmNjEzMTEifQ%3D%3D\">\n\t\t\t\t\t<div class=\"e-gallery-image elementor-gallery-item__image\" data-thumbnail=\"https:\/\/redescubramossonora.mx\/renaturasonora\/wp-content\/uploads\/2024\/01\/IMG_1250-300x200.jpg\" data-width=\"300\" data-height=\"200\" aria-label=\"\" role=\"img\" ><\/div>\n\t\t\t\t\t\t\t\t\t\t\t<div class=\"elementor-gallery-item__overlay\"><\/div>\n\t\t\t\t\t\t\t\t\t\t\t\t\t\t<\/a>\n\t\t\t\t\t\t\t<a class=\"e-gallery-item elementor-gallery-item elementor-animated-content\" href=\"https:\/\/redescubramossonora.mx\/renaturasonora\/wp-content\/uploads\/2024\/01\/IMG_1362-scaled.jpg\" data-elementor-open-lightbox=\"yes\" data-elementor-lightbox-slideshow=\"df61311\" data-elementor-lightbox-title=\"IMG_1362\" data-e-action-hash=\"#elementor-action%3Aaction%3Dlightbox%26settings%3DeyJpZCI6MzI3OCwidXJsIjoiaHR0cHM6XC9cL3JlZGVzY3VicmFtb3Nzb25vcmEubXhcL3JlbmF0dXJhc29ub3JhXC93cC1jb250ZW50XC91cGxvYWRzXC8yMDI0XC8wMVwvSU1HXzEzNjItc2NhbGVkLmpwZyIsInNsaWRlc2hvdyI6ImRmNjEzMTEifQ%3D%3D\">\n\t\t\t\t\t<div class=\"e-gallery-image elementor-gallery-item__image\" data-thumbnail=\"https:\/\/redescubramossonora.mx\/renaturasonora\/wp-content\/uploads\/2024\/01\/IMG_1362-300x200.jpg\" data-width=\"300\" data-height=\"200\" aria-label=\"\" role=\"img\" ><\/div>\n\t\t\t\t\t\t\t\t\t\t\t<div class=\"elementor-gallery-item__overlay\"><\/div>\n\t\t\t\t\t\t\t\t\t\t\t\t\t\t<\/a>\n\t\t\t\t\t\t\t<a class=\"e-gallery-item elementor-gallery-item elementor-animated-content\" href=\"https:\/\/redescubramossonora.mx\/renaturasonora\/wp-content\/uploads\/2024\/01\/IMG_1372-scaled.jpg\" data-elementor-open-lightbox=\"yes\" data-elementor-lightbox-slideshow=\"df61311\" data-elementor-lightbox-title=\"IMG_1372\" data-e-action-hash=\"#elementor-action%3Aaction%3Dlightbox%26settings%3DeyJpZCI6MzI3OSwidXJsIjoiaHR0cHM6XC9cL3JlZGVzY3VicmFtb3Nzb25vcmEubXhcL3JlbmF0dXJhc29ub3JhXC93cC1jb250ZW50XC91cGxvYWRzXC8yMDI0XC8wMVwvSU1HXzEzNzItc2NhbGVkLmpwZyIsInNsaWRlc2hvdyI6ImRmNjEzMTEifQ%3D%3D\">\n\t\t\t\t\t<div class=\"e-gallery-image elementor-gallery-item__image\" data-thumbnail=\"https:\/\/redescubramossonora.mx\/renaturasonora\/wp-content\/uploads\/2024\/01\/IMG_1372-300x200.jpg\" data-width=\"300\" data-height=\"200\" aria-label=\"\" role=\"img\" ><\/div>\n\t\t\t\t\t\t\t\t\t\t\t<div class=\"elementor-gallery-item__overlay\"><\/div>\n\t\t\t\t\t\t\t\t\t\t\t\t\t\t<\/a>\n\t\t\t\t\t\t\t<a class=\"e-gallery-item elementor-gallery-item elementor-animated-content\" href=\"https:\/\/redescubramossonora.mx\/renaturasonora\/wp-content\/uploads\/2024\/01\/IMG20220205132222-scaled.jpg\" data-elementor-open-lightbox=\"yes\" data-elementor-lightbox-slideshow=\"df61311\" data-elementor-lightbox-title=\"IMG20220205132222\" data-e-action-hash=\"#elementor-action%3Aaction%3Dlightbox%26settings%3DeyJpZCI6MzI4MCwidXJsIjoiaHR0cHM6XC9cL3JlZGVzY3VicmFtb3Nzb25vcmEubXhcL3JlbmF0dXJhc29ub3JhXC93cC1jb250ZW50XC91cGxvYWRzXC8yMDI0XC8wMVwvSU1HMjAyMjAyMDUxMzIyMjItc2NhbGVkLmpwZyIsInNsaWRlc2hvdyI6ImRmNjEzMTEifQ%3D%3D\">\n\t\t\t\t\t<div class=\"e-gallery-image elementor-gallery-item__image\" data-thumbnail=\"https:\/\/redescubramossonora.mx\/renaturasonora\/wp-content\/uploads\/2024\/01\/IMG20220205132222-300x225.jpg\" data-width=\"300\" data-height=\"225\" aria-label=\"\" role=\"img\" ><\/div>\n\t\t\t\t\t\t\t\t\t\t\t<div class=\"elementor-gallery-item__overlay\"><\/div>\n\t\t\t\t\t\t\t\t\t\t\t\t\t\t<\/a>\n\t\t\t\t\t\t\t<a class=\"e-gallery-item elementor-gallery-item elementor-animated-content\" href=\"https:\/\/redescubramossonora.mx\/renaturasonora\/wp-content\/uploads\/2024\/01\/IMG20220308114140-scaled.jpg\" data-elementor-open-lightbox=\"yes\" data-elementor-lightbox-slideshow=\"df61311\" data-elementor-lightbox-title=\"IMG20220308114140\" data-e-action-hash=\"#elementor-action%3Aaction%3Dlightbox%26settings%3DeyJpZCI6MzI4MSwidXJsIjoiaHR0cHM6XC9cL3JlZGVzY3VicmFtb3Nzb25vcmEubXhcL3JlbmF0dXJhc29ub3JhXC93cC1jb250ZW50XC91cGxvYWRzXC8yMDI0XC8wMVwvSU1HMjAyMjAzMDgxMTQxNDAtc2NhbGVkLmpwZyIsInNsaWRlc2hvdyI6ImRmNjEzMTEifQ%3D%3D\">\n\t\t\t\t\t<div class=\"e-gallery-image elementor-gallery-item__image\" data-thumbnail=\"https:\/\/redescubramossonora.mx\/renaturasonora\/wp-content\/uploads\/2024\/01\/IMG20220308114140-300x225.jpg\" data-width=\"300\" data-height=\"225\" aria-label=\"\" role=\"img\" ><\/div>\n\t\t\t\t\t\t\t\t\t\t\t<div class=\"elementor-gallery-item__overlay\"><\/div>\n\t\t\t\t\t\t\t\t\t\t\t\t\t\t<\/a>\n\t\t\t\t\t\t\t<a class=\"e-gallery-item elementor-gallery-item elementor-animated-content\" href=\"https:\/\/redescubramossonora.mx\/renaturasonora\/wp-content\/uploads\/2024\/01\/IMG20220308115946-scaled.jpg\" data-elementor-open-lightbox=\"yes\" data-elementor-lightbox-slideshow=\"df61311\" data-elementor-lightbox-title=\"IMG20220308115946\" data-e-action-hash=\"#elementor-action%3Aaction%3Dlightbox%26settings%3DeyJpZCI6MzI4MiwidXJsIjoiaHR0cHM6XC9cL3JlZGVzY3VicmFtb3Nzb25vcmEubXhcL3JlbmF0dXJhc29ub3JhXC93cC1jb250ZW50XC91cGxvYWRzXC8yMDI0XC8wMVwvSU1HMjAyMjAzMDgxMTU5NDYtc2NhbGVkLmpwZyIsInNsaWRlc2hvdyI6ImRmNjEzMTEifQ%3D%3D\">\n\t\t\t\t\t<div class=\"e-gallery-image elementor-gallery-item__image\" data-thumbnail=\"https:\/\/redescubramossonora.mx\/renaturasonora\/wp-content\/uploads\/2024\/01\/IMG20220308115946-300x225.jpg\" data-width=\"300\" data-height=\"225\" aria-label=\"\" role=\"img\" ><\/div>\n\t\t\t\t\t\t\t\t\t\t\t<div class=\"elementor-gallery-item__overlay\"><\/div>\n\t\t\t\t\t\t\t\t\t\t\t\t\t\t<\/a>\n\t\t\t\t\t\t\t<a class=\"e-gallery-item elementor-gallery-item elementor-animated-content\" href=\"https:\/\/redescubramossonora.mx\/renaturasonora\/wp-content\/uploads\/2024\/01\/IMG20220308121708-scaled.jpg\" data-elementor-open-lightbox=\"yes\" data-elementor-lightbox-slideshow=\"df61311\" data-elementor-lightbox-title=\"IMG20220308121708\" data-e-action-hash=\"#elementor-action%3Aaction%3Dlightbox%26settings%3DeyJpZCI6MzI4MywidXJsIjoiaHR0cHM6XC9cL3JlZGVzY3VicmFtb3Nzb25vcmEubXhcL3JlbmF0dXJhc29ub3JhXC93cC1jb250ZW50XC91cGxvYWRzXC8yMDI0XC8wMVwvSU1HMjAyMjAzMDgxMjE3MDgtc2NhbGVkLmpwZyIsInNsaWRlc2hvdyI6ImRmNjEzMTEifQ%3D%3D\">\n\t\t\t\t\t<div class=\"e-gallery-image elementor-gallery-item__image\" data-thumbnail=\"https:\/\/redescubramossonora.mx\/renaturasonora\/wp-content\/uploads\/2024\/01\/IMG20220308121708-300x225.jpg\" data-width=\"300\" data-height=\"225\" aria-label=\"\" role=\"img\" ><\/div>\n\t\t\t\t\t\t\t\t\t\t\t<div class=\"elementor-gallery-item__overlay\"><\/div>\n\t\t\t\t\t\t\t\t\t\t\t\t\t\t<\/a>\n\t\t\t\t\t\t\t<a class=\"e-gallery-item elementor-gallery-item elementor-animated-content\" href=\"https:\/\/redescubramossonora.mx\/renaturasonora\/wp-content\/uploads\/2024\/01\/IMG_1755-scaled.jpg\" data-elementor-open-lightbox=\"yes\" data-elementor-lightbox-slideshow=\"df61311\" data-elementor-lightbox-title=\"IMG_1755\" data-e-action-hash=\"#elementor-action%3Aaction%3Dlightbox%26settings%3DeyJpZCI6MzI4OCwidXJsIjoiaHR0cHM6XC9cL3JlZGVzY3VicmFtb3Nzb25vcmEubXhcL3JlbmF0dXJhc29ub3JhXC93cC1jb250ZW50XC91cGxvYWRzXC8yMDI0XC8wMVwvSU1HXzE3NTUtc2NhbGVkLmpwZyIsInNsaWRlc2hvdyI6ImRmNjEzMTEifQ%3D%3D\">\n\t\t\t\t\t<div class=\"e-gallery-image elementor-gallery-item__image\" data-thumbnail=\"https:\/\/redescubramossonora.mx\/renaturasonora\/wp-content\/uploads\/2024\/01\/IMG_1755-300x200.jpg\" data-width=\"300\" data-height=\"200\" aria-label=\"\" role=\"img\" ><\/div>\n\t\t\t\t\t\t\t\t\t\t\t<div class=\"elementor-gallery-item__overlay\"><\/div>\n\t\t\t\t\t\t\t\t\t\t\t\t\t\t<\/a>\n\t\t\t\t\t\t\t<a class=\"e-gallery-item elementor-gallery-item elementor-animated-content\" href=\"https:\/\/redescubramossonora.mx\/renaturasonora\/wp-content\/uploads\/2024\/01\/IMG20220308123907-scaled.jpg\" data-elementor-open-lightbox=\"yes\" data-elementor-lightbox-slideshow=\"df61311\" data-elementor-lightbox-title=\"IMG20220308123907\" data-e-action-hash=\"#elementor-action%3Aaction%3Dlightbox%26settings%3DeyJpZCI6MzI4OSwidXJsIjoiaHR0cHM6XC9cL3JlZGVzY3VicmFtb3Nzb25vcmEubXhcL3JlbmF0dXJhc29ub3JhXC93cC1jb250ZW50XC91cGxvYWRzXC8yMDI0XC8wMVwvSU1HMjAyMjAzMDgxMjM5MDctc2NhbGVkLmpwZyIsInNsaWRlc2hvdyI6ImRmNjEzMTEifQ%3D%3D\">\n\t\t\t\t\t<div class=\"e-gallery-image elementor-gallery-item__image\" data-thumbnail=\"https:\/\/redescubramossonora.mx\/renaturasonora\/wp-content\/uploads\/2024\/01\/IMG20220308123907-300x225.jpg\" data-width=\"300\" data-height=\"225\" aria-label=\"\" role=\"img\" ><\/div>\n\t\t\t\t\t\t\t\t\t\t\t<div class=\"elementor-gallery-item__overlay\"><\/div>\n\t\t\t\t\t\t\t\t\t\t\t\t\t\t<\/a>\n\t\t\t\t\t\t\t<a class=\"e-gallery-item elementor-gallery-item elementor-animated-content\" href=\"https:\/\/redescubramossonora.mx\/renaturasonora\/wp-content\/uploads\/2024\/01\/Fauna-nociva-en-el-mariposario-scaled.jpg\" data-elementor-open-lightbox=\"yes\" data-elementor-lightbox-slideshow=\"df61311\" data-elementor-lightbox-title=\"Fauna nociva en el mariposario\" data-e-action-hash=\"#elementor-action%3Aaction%3Dlightbox%26settings%3DeyJpZCI6MzI5MCwidXJsIjoiaHR0cHM6XC9cL3JlZGVzY3VicmFtb3Nzb25vcmEubXhcL3JlbmF0dXJhc29ub3JhXC93cC1jb250ZW50XC91cGxvYWRzXC8yMDI0XC8wMVwvRmF1bmEtbm9jaXZhLWVuLWVsLW1hcmlwb3NhcmlvLXNjYWxlZC5qcGciLCJzbGlkZXNob3ciOiJkZjYxMzExIn0%3D\">\n\t\t\t\t\t<div class=\"e-gallery-image elementor-gallery-item__image\" data-thumbnail=\"https:\/\/redescubramossonora.mx\/renaturasonora\/wp-content\/uploads\/2024\/01\/Fauna-nociva-en-el-mariposario-225x300.jpg\" data-width=\"225\" data-height=\"300\" aria-label=\"\" role=\"img\" ><\/div>\n\t\t\t\t\t\t\t\t\t\t\t<div class=\"elementor-gallery-item__overlay\"><\/div>\n\t\t\t\t\t\t\t\t\t\t\t\t\t\t<\/a>\n\t\t\t\t\t\t\t<a class=\"e-gallery-item elementor-gallery-item elementor-animated-content\" href=\"https:\/\/redescubramossonora.mx\/renaturasonora\/wp-content\/uploads\/2024\/01\/DSC_0928-scaled.jpg\" data-elementor-open-lightbox=\"yes\" data-elementor-lightbox-slideshow=\"df61311\" data-elementor-lightbox-title=\"DSC_0928\" data-e-action-hash=\"#elementor-action%3Aaction%3Dlightbox%26settings%3DeyJpZCI6MzI5NCwidXJsIjoiaHR0cHM6XC9cL3JlZGVzY3VicmFtb3Nzb25vcmEubXhcL3JlbmF0dXJhc29ub3JhXC93cC1jb250ZW50XC91cGxvYWRzXC8yMDI0XC8wMVwvRFNDXzA5Mjgtc2NhbGVkLmpwZyIsInNsaWRlc2hvdyI6ImRmNjEzMTEifQ%3D%3D\">\n\t\t\t\t\t<div class=\"e-gallery-image elementor-gallery-item__image\" data-thumbnail=\"https:\/\/redescubramossonora.mx\/renaturasonora\/wp-content\/uploads\/2024\/01\/DSC_0928-300x200.jpg\" data-width=\"300\" data-height=\"200\" aria-label=\"\" role=\"img\" ><\/div>\n\t\t\t\t\t\t\t\t\t\t\t<div class=\"elementor-gallery-item__overlay\"><\/div>\n\t\t\t\t\t\t\t\t\t\t\t\t\t\t<\/a>\n\t\t\t\t\t\t\t<a class=\"e-gallery-item elementor-gallery-item elementor-animated-content\" href=\"https:\/\/redescubramossonora.mx\/renaturasonora\/wp-content\/uploads\/2024\/01\/DSC_0908-scaled.jpg\" data-elementor-open-lightbox=\"yes\" data-elementor-lightbox-slideshow=\"df61311\" data-elementor-lightbox-title=\"DSC_0908\" data-e-action-hash=\"#elementor-action%3Aaction%3Dlightbox%26settings%3DeyJpZCI6MzI5NSwidXJsIjoiaHR0cHM6XC9cL3JlZGVzY3VicmFtb3Nzb25vcmEubXhcL3JlbmF0dXJhc29ub3JhXC93cC1jb250ZW50XC91cGxvYWRzXC8yMDI0XC8wMVwvRFNDXzA5MDgtc2NhbGVkLmpwZyIsInNsaWRlc2hvdyI6ImRmNjEzMTEifQ%3D%3D\">\n\t\t\t\t\t<div class=\"e-gallery-image elementor-gallery-item__image\" data-thumbnail=\"https:\/\/redescubramossonora.mx\/renaturasonora\/wp-content\/uploads\/2024\/01\/DSC_0908-300x200.jpg\" data-width=\"300\" data-height=\"200\" aria-label=\"\" role=\"img\" ><\/div>\n\t\t\t\t\t\t\t\t\t\t\t<div class=\"elementor-gallery-item__overlay\"><\/div>\n\t\t\t\t\t\t\t\t\t\t\t\t\t\t<\/a>\n\t\t\t\t\t\t\t<a class=\"e-gallery-item elementor-gallery-item elementor-animated-content\" href=\"https:\/\/redescubramossonora.mx\/renaturasonora\/wp-content\/uploads\/2024\/01\/DSC_0871-scaled.jpg\" data-elementor-open-lightbox=\"yes\" data-elementor-lightbox-slideshow=\"df61311\" data-elementor-lightbox-title=\"DSC_0871\" data-e-action-hash=\"#elementor-action%3Aaction%3Dlightbox%26settings%3DeyJpZCI6MzI5NiwidXJsIjoiaHR0cHM6XC9cL3JlZGVzY3VicmFtb3Nzb25vcmEubXhcL3JlbmF0dXJhc29ub3JhXC93cC1jb250ZW50XC91cGxvYWRzXC8yMDI0XC8wMVwvRFNDXzA4NzEtc2NhbGVkLmpwZyIsInNsaWRlc2hvdyI6ImRmNjEzMTEifQ%3D%3D\">\n\t\t\t\t\t<div class=\"e-gallery-image elementor-gallery-item__image\" data-thumbnail=\"https:\/\/redescubramossonora.mx\/renaturasonora\/wp-content\/uploads\/2024\/01\/DSC_0871-300x200.jpg\" data-width=\"300\" data-height=\"200\" aria-label=\"\" role=\"img\" ><\/div>\n\t\t\t\t\t\t\t\t\t\t\t<div class=\"elementor-gallery-item__overlay\"><\/div>\n\t\t\t\t\t\t\t\t\t\t\t\t\t\t<\/a>\n\t\t\t\t\t<\/div>\n\t\t\t\t\t<\/div>\n\t\t\t\t<\/div>\n\t\t\t\t\t<\/div>\n\t\t<\/div>\n\t\t\t\t\t<\/div>\n\t\t<\/section>\n\t\t\t\t<\/div>\n\t\t","protected":false},"excerpt":{"rendered":"<p>Actividades: \u2022\u00a0 Conferencias\u2022\u00a0 Talleres\u2022\u00a0 Exposiciones\u2022\u00a0 Visitas Guiadas\u2022\u00a0 Grupos ambientales\u2022\u00a0 Investigaci\u00f3n y difusi\u00f3n biocultural\u2022\u00a0 Certificaciones Servicios: Educaci\u00f3n ambiental Apoyo y atenci\u00f3n a Comunidades Eventos tur\u00edsticos y paisajistas Capacitaciones ra-studio.com.ua Certificaciones Eventos Culturales Espacios para talleres, platicas, congresos Espacios de recreaci\u00f3n Investigaci\u00f3n y divulgaci\u00f3n cient\u00edfica.<\/p>\n","protected":false},"author":2,"featured_media":0,"parent":0,"menu_order":0,"comment_status":"closed","ping_status":"closed","template":"","meta":{"footnotes":""},"class_list":["post-3272","page","type-page","status-publish","hentry"],"blocksy_meta":{"styles_descriptor":{"styles":{"desktop":"","tablet":"","mobile":""},"google_fonts":[],"version":6}},"_links":{"self":[{"href":"https:\/\/redescubramossonora.mx\/renaturasonora\/wp-json\/wp\/v2\/pages\/3272","targetHints":{"allow":["GET"]}}],"collection":[{"href":"https:\/\/redescubramossonora.mx\/renaturasonora\/wp-json\/wp\/v2\/pages"}],"about":[{"href":"https:\/\/redescubramossonora.mx\/renaturasonora\/wp-json\/wp\/v2\/types\/page"}],"author":[{"embeddable":true,"href":"https:\/\/redescubramossonora.mx\/renaturasonora\/wp-json\/wp\/v2\/users\/2"}],"replies":[{"embeddable":true,"href":"https:\/\/redescubramossonora.mx\/renaturasonora\/wp-json\/wp\/v2\/comments?post=3272"}],"version-history":[{"count":16,"href":"https:\/\/redescubramossonora.mx\/renaturasonora\/wp-json\/wp\/v2\/pages\/3272\/revisions"}],"predecessor-version":[{"id":4175,"href":"https:\/\/redescubramossonora.mx\/renaturasonora\/wp-json\/wp\/v2\/pages\/3272\/revisions\/4175"}],"wp:attachment":[{"href":"https:\/\/redescubramossonora.mx\/renaturasonora\/wp-json\/wp\/v2\/media?parent=3272"}],"curies":[{"name":"wp","href":"https:\/\/api.w.org\/{rel}","templated":true}]}}