{"id":3050,"date":"2024-01-13T08:51:33","date_gmt":"2024-01-13T08:51:33","guid":{"rendered":"https:\/\/redescubramossonora.mx\/renaturasonora\/?page_id=3050"},"modified":"2024-01-13T18:35:56","modified_gmt":"2024-01-13T18:35:56","slug":"mariposario","status":"publish","type":"page","link":"https:\/\/redescubramossonora.mx\/renaturasonora\/mariposario\/","title":{"rendered":"MARIPOSARIO"},"content":{"rendered":"\t\t<div data-elementor-type=\"wp-page\" data-elementor-id=\"3050\" class=\"elementor elementor-3050\" data-elementor-post-type=\"page\">\n\t\t\t\t\t\t<section class=\"elementor-section elementor-top-section elementor-element elementor-element-e871768 elementor-section-boxed elementor-section-height-default elementor-section-height-default wpr-particle-no wpr-sticky-section-no wpr-column-slider-no wpr-equal-height-no\" data-id=\"e871768\" data-element_type=\"section\" data-e-type=\"section\">\n\t\t\t\t\t\t<div class=\"elementor-container elementor-column-gap-default\">\n\t\t\t\t\t<div class=\"elementor-column elementor-col-100 elementor-top-column elementor-element elementor-element-ae56f00\" data-id=\"ae56f00\" data-element_type=\"column\" data-e-type=\"column\">\n\t\t\t<div class=\"elementor-widget-wrap elementor-element-populated\">\n\t\t\t\t\t\t<div class=\"elementor-element elementor-element-a47b560 elementor-widget elementor-widget-video\" data-id=\"a47b560\" data-element_type=\"widget\" data-e-type=\"widget\" data-settings=\"{&quot;youtube_url&quot;:&quot;https:\\\/\\\/youtu.be\\\/jW7LBVnxc5o&quot;,&quot;start&quot;:1365,&quot;video_type&quot;:&quot;youtube&quot;,&quot;controls&quot;:&quot;yes&quot;}\" data-widget_type=\"video.default\">\n\t\t\t\t<div class=\"elementor-widget-container\">\n\t\t\t\t\t\t\t<div class=\"elementor-wrapper elementor-open-inline\">\n\t\t\t<div class=\"elementor-video\"><\/div>\t\t<\/div>\n\t\t\t\t\t\t<\/div>\n\t\t\t\t<\/div>\n\t\t\t\t\t<\/div>\n\t\t<\/div>\n\t\t\t\t\t<\/div>\n\t\t<\/section>\n\t\t\t\t<section class=\"elementor-section elementor-top-section elementor-element elementor-element-40e02bf elementor-section-boxed elementor-section-height-default elementor-section-height-default wpr-particle-no wpr-sticky-section-no wpr-column-slider-no wpr-equal-height-no\" data-id=\"40e02bf\" data-element_type=\"section\" data-e-type=\"section\">\n\t\t\t\t\t\t<div class=\"elementor-container elementor-column-gap-default\">\n\t\t\t\t\t<div class=\"elementor-column elementor-col-50 elementor-top-column elementor-element elementor-element-1737204\" data-id=\"1737204\" data-element_type=\"column\" data-e-type=\"column\">\n\t\t\t<div class=\"elementor-widget-wrap elementor-element-populated\">\n\t\t\t\t\t\t<div class=\"elementor-element elementor-element-14b500a elementor-widget elementor-widget-text-editor\" data-id=\"14b500a\" data-element_type=\"widget\" data-e-type=\"widget\" data-widget_type=\"text-editor.default\">\n\t\t\t\t<div class=\"elementor-widget-container\">\n\t\t\t\t\t\t\t\t\t<p>La palomilla cuatro espejos, cient\u00edficamente conocida como Rothschildia cincta cincta, es una mariposa fascinante que pertenece a la familia Saturniidae. Este insecto hermoso y peculiar es nativo de Am\u00e9rica Central y Am\u00e9rica del Sur, y se caracteriza por su envergadura impresionante y sus alas adornadas con patrones llamativos. Su nombre com\u00fan, \u00abcuatro espejos\u00bb, se refiere a las manchas reflectantes que se asemejan a espejos en cada ala.<\/p><p>Esta especie en particular ha capturado la atenci\u00f3n de entom\u00f3logos y amantes de la naturaleza debido a su apariencia \u00fanica y comportamiento interesante. Las palomillas cuatro espejos son criaturas de h\u00e1bitos nocturnos, lo que significa que son m\u00e1s activas durante la noche. Durante el d\u00eda, se posan en lugares estrat\u00e9gicos para camuflarse y evitar ser presa de depredadores. Su capacidad para mimetizarse con su entorno les proporciona una forma efectiva de protecci\u00f3n.<\/p>\t\t\t\t\t\t\t\t<\/div>\n\t\t\t\t<\/div>\n\t\t\t\t\t<\/div>\n\t\t<\/div>\n\t\t\t\t<div class=\"elementor-column elementor-col-50 elementor-top-column elementor-element elementor-element-046f6bc\" data-id=\"046f6bc\" data-element_type=\"column\" data-e-type=\"column\">\n\t\t\t<div class=\"elementor-widget-wrap elementor-element-populated\">\n\t\t\t\t\t\t<div class=\"elementor-element elementor-element-d780357 elementor-widget elementor-widget-image\" data-id=\"d780357\" data-element_type=\"widget\" data-e-type=\"widget\" data-widget_type=\"image.default\">\n\t\t\t\t<div class=\"elementor-widget-container\">\n\t\t\t\t\t\t\t\t\t\t\t\t\t\t\t<img fetchpriority=\"high\" decoding=\"async\" width=\"1290\" height=\"968\" src=\"https:\/\/redescubramossonora.mx\/renaturasonora\/wp-content\/uploads\/2024\/01\/WhatsApp-Image-2024-01-13-at-5.17.20-AM.jpeg\" class=\"attachment-large size-large wp-image-3214\" alt=\"\" srcset=\"https:\/\/redescubramossonora.mx\/renaturasonora\/wp-content\/uploads\/2024\/01\/WhatsApp-Image-2024-01-13-at-5.17.20-AM.jpeg 1600w, https:\/\/redescubramossonora.mx\/renaturasonora\/wp-content\/uploads\/2024\/01\/WhatsApp-Image-2024-01-13-at-5.17.20-AM-300x225.jpeg 300w, https:\/\/redescubramossonora.mx\/renaturasonora\/wp-content\/uploads\/2024\/01\/WhatsApp-Image-2024-01-13-at-5.17.20-AM-768x576.jpeg 768w, https:\/\/redescubramossonora.mx\/renaturasonora\/wp-content\/uploads\/2024\/01\/WhatsApp-Image-2024-01-13-at-5.17.20-AM-1536x1152.jpeg 1536w, https:\/\/redescubramossonora.mx\/renaturasonora\/wp-content\/uploads\/2024\/01\/WhatsApp-Image-2024-01-13-at-5.17.20-AM-205x154.jpeg 205w, https:\/\/redescubramossonora.mx\/renaturasonora\/wp-content\/uploads\/2024\/01\/WhatsApp-Image-2024-01-13-at-5.17.20-AM-480x360.jpeg 480w\" sizes=\"(max-width: 1290px) 100vw, 1290px\" \/>\t\t\t\t\t\t\t\t\t\t\t\t\t\t\t<\/div>\n\t\t\t\t<\/div>\n\t\t\t\t\t<\/div>\n\t\t<\/div>\n\t\t\t\t\t<\/div>\n\t\t<\/section>\n\t\t\t\t<section class=\"elementor-section elementor-top-section elementor-element elementor-element-56ff353 elementor-section-boxed elementor-section-height-default elementor-section-height-default wpr-particle-no wpr-sticky-section-no wpr-column-slider-no wpr-equal-height-no\" data-id=\"56ff353\" data-element_type=\"section\" data-e-type=\"section\">\n\t\t\t\t\t\t<div class=\"elementor-container elementor-column-gap-default\">\n\t\t\t\t\t<div class=\"elementor-column elementor-col-50 elementor-top-column elementor-element elementor-element-1a6e0b9\" data-id=\"1a6e0b9\" data-element_type=\"column\" data-e-type=\"column\">\n\t\t\t<div class=\"elementor-widget-wrap elementor-element-populated\">\n\t\t\t\t\t\t<div class=\"elementor-element elementor-element-445e286 elementor-widget elementor-widget-image\" data-id=\"445e286\" data-element_type=\"widget\" data-e-type=\"widget\" data-widget_type=\"image.default\">\n\t\t\t\t<div class=\"elementor-widget-container\">\n\t\t\t\t\t\t\t\t\t\t\t\t\t\t\t<img decoding=\"async\" width=\"1290\" height=\"968\" src=\"https:\/\/redescubramossonora.mx\/renaturasonora\/wp-content\/uploads\/2024\/01\/IMG20220914113741-2048x1536.jpg\" class=\"attachment-large size-large wp-image-3258\" alt=\"\" srcset=\"https:\/\/redescubramossonora.mx\/renaturasonora\/wp-content\/uploads\/2024\/01\/IMG20220914113741-2048x1536.jpg 2048w, https:\/\/redescubramossonora.mx\/renaturasonora\/wp-content\/uploads\/2024\/01\/IMG20220914113741-300x225.jpg 300w, https:\/\/redescubramossonora.mx\/renaturasonora\/wp-content\/uploads\/2024\/01\/IMG20220914113741-768x576.jpg 768w, https:\/\/redescubramossonora.mx\/renaturasonora\/wp-content\/uploads\/2024\/01\/IMG20220914113741-1536x1152.jpg 1536w, https:\/\/redescubramossonora.mx\/renaturasonora\/wp-content\/uploads\/2024\/01\/IMG20220914113741-205x154.jpg 205w, https:\/\/redescubramossonora.mx\/renaturasonora\/wp-content\/uploads\/2024\/01\/IMG20220914113741-480x360.jpg 480w\" sizes=\"(max-width: 1290px) 100vw, 1290px\" \/>\t\t\t\t\t\t\t\t\t\t\t\t\t\t\t<\/div>\n\t\t\t\t<\/div>\n\t\t\t\t\t<\/div>\n\t\t<\/div>\n\t\t\t\t<div class=\"elementor-column elementor-col-50 elementor-top-column elementor-element elementor-element-65a31ca\" data-id=\"65a31ca\" data-element_type=\"column\" data-e-type=\"column\">\n\t\t\t<div class=\"elementor-widget-wrap elementor-element-populated\">\n\t\t\t\t\t\t<div class=\"elementor-element elementor-element-530cdd0 elementor-widget elementor-widget-text-editor\" data-id=\"530cdd0\" data-element_type=\"widget\" data-e-type=\"widget\" data-widget_type=\"text-editor.default\">\n\t\t\t\t<div class=\"elementor-widget-container\">\n\t\t\t\t\t\t\t\t\t<p>Una de las caracter\u00edsticas m\u00e1s asombrosas de esta mariposa es su ciclo de vida. Comienza como un huevo, que se deposita en las hojas de las plantas alimenticias. Una vez que el huevo eclosiona, emerge una oruga voraz que se alimenta constantemente para acumular la energ\u00eda necesaria para su transformaci\u00f3n. La oruga pasa por varias etapas de desarrollo antes de convertirse en una cris\u00e1lida, donde ocurre la metamorfosis m\u00e1gica que dar\u00e1 lugar a la mariposa adulta.<\/p><p>Las palomillas cuatro espejos tienen una envergadura que puede alcanzar hasta 15 cent\u00edmetros, y sus alas est\u00e1n adornadas con una paleta de colores vibrantes que incluyen tonos de amarillo, marr\u00f3n, rojo y blanco. Sin embargo, lo m\u00e1s notable son las manchas reflectantes en forma de espejos que se encuentran en cada ala, las cuales contribuyen a su nombre com\u00fan.<\/p>\t\t\t\t\t\t\t\t<\/div>\n\t\t\t\t<\/div>\n\t\t\t\t\t<\/div>\n\t\t<\/div>\n\t\t\t\t\t<\/div>\n\t\t<\/section>\n\t\t\t\t<section class=\"elementor-section elementor-top-section elementor-element elementor-element-4b1e176 elementor-section-boxed elementor-section-height-default elementor-section-height-default wpr-particle-no wpr-sticky-section-no wpr-column-slider-no wpr-equal-height-no\" data-id=\"4b1e176\" data-element_type=\"section\" data-e-type=\"section\">\n\t\t\t\t\t\t<div class=\"elementor-container elementor-column-gap-default\">\n\t\t\t\t\t<div class=\"elementor-column elementor-col-50 elementor-top-column elementor-element elementor-element-e5e6524\" data-id=\"e5e6524\" data-element_type=\"column\" data-e-type=\"column\">\n\t\t\t<div class=\"elementor-widget-wrap elementor-element-populated\">\n\t\t\t\t\t\t<div class=\"elementor-element elementor-element-bf9b5cc elementor-widget elementor-widget-text-editor\" data-id=\"bf9b5cc\" data-element_type=\"widget\" data-e-type=\"widget\" data-widget_type=\"text-editor.default\">\n\t\t\t\t<div class=\"elementor-widget-container\">\n\t\t\t\t\t\t\t\t\t<p>En cuanto a su importancia ecol\u00f3gica, estas mariposas desempe\u00f1an un papel vital en el ecosistema como polinizadores. Al visitar flores en busca de n\u00e9ctar, transportan polen de una flor a otra, facilitando as\u00ed el proceso de reproducci\u00f3n de las plantas. Su participaci\u00f3n en este proceso contribuye a la diversidad y la salud general de la vegetaci\u00f3n circundante.<\/p><p>A pesar de su belleza, las palomillas cuatro espejos tambi\u00e9n enfrentan desaf\u00edos en su entorno natural. La p\u00e9rdida de h\u00e1bitat debido a la deforestaci\u00f3n y la contaminaci\u00f3n son amenazas significativas para su supervivencia, lo que destaca la importancia de conservar y proteger los ecosistemas en los que habitan.<\/p>\t\t\t\t\t\t\t\t<\/div>\n\t\t\t\t<\/div>\n\t\t\t\t\t<\/div>\n\t\t<\/div>\n\t\t\t\t<div class=\"elementor-column elementor-col-50 elementor-top-column elementor-element elementor-element-bd60aa6\" data-id=\"bd60aa6\" data-element_type=\"column\" data-e-type=\"column\">\n\t\t\t<div class=\"elementor-widget-wrap elementor-element-populated\">\n\t\t\t\t\t\t<div class=\"elementor-element elementor-element-251524b elementor-widget elementor-widget-image\" data-id=\"251524b\" data-element_type=\"widget\" data-e-type=\"widget\" data-widget_type=\"image.default\">\n\t\t\t\t<div class=\"elementor-widget-container\">\n\t\t\t\t\t\t\t\t\t\t\t\t\t\t\t<img decoding=\"async\" width=\"1290\" height=\"860\" src=\"https:\/\/redescubramossonora.mx\/renaturasonora\/wp-content\/uploads\/2024\/01\/DSC_0052-2048x1365.jpg\" class=\"attachment-large size-large wp-image-3264\" alt=\"\" srcset=\"https:\/\/redescubramossonora.mx\/renaturasonora\/wp-content\/uploads\/2024\/01\/DSC_0052-2048x1365.jpg 2048w, https:\/\/redescubramossonora.mx\/renaturasonora\/wp-content\/uploads\/2024\/01\/DSC_0052-300x200.jpg 300w, https:\/\/redescubramossonora.mx\/renaturasonora\/wp-content\/uploads\/2024\/01\/DSC_0052-768x512.jpg 768w, https:\/\/redescubramossonora.mx\/renaturasonora\/wp-content\/uploads\/2024\/01\/DSC_0052-1536x1024.jpg 1536w, https:\/\/redescubramossonora.mx\/renaturasonora\/wp-content\/uploads\/2024\/01\/DSC_0052-205x137.jpg 205w, https:\/\/redescubramossonora.mx\/renaturasonora\/wp-content\/uploads\/2024\/01\/DSC_0052-480x320.jpg 480w\" sizes=\"(max-width: 1290px) 100vw, 1290px\" \/>\t\t\t\t\t\t\t\t\t\t\t\t\t\t\t<\/div>\n\t\t\t\t<\/div>\n\t\t\t\t\t<\/div>\n\t\t<\/div>\n\t\t\t\t\t<\/div>\n\t\t<\/section>\n\t\t\t\t<section class=\"elementor-section elementor-top-section elementor-element elementor-element-b1bbad3 elementor-section-boxed elementor-section-height-default elementor-section-height-default wpr-particle-no wpr-sticky-section-no wpr-column-slider-no wpr-equal-height-no\" data-id=\"b1bbad3\" data-element_type=\"section\" data-e-type=\"section\">\n\t\t\t\t\t\t<div class=\"elementor-container elementor-column-gap-default\">\n\t\t\t\t\t<div class=\"elementor-column elementor-col-50 elementor-top-column elementor-element elementor-element-cd038ff\" data-id=\"cd038ff\" data-element_type=\"column\" data-e-type=\"column\">\n\t\t\t<div class=\"elementor-widget-wrap elementor-element-populated\">\n\t\t\t\t\t\t<div class=\"elementor-element elementor-element-d8dae66 elementor-widget elementor-widget-image\" data-id=\"d8dae66\" data-element_type=\"widget\" data-e-type=\"widget\" data-widget_type=\"image.default\">\n\t\t\t\t<div class=\"elementor-widget-container\">\n\t\t\t\t\t\t\t\t\t\t\t\t\t\t\t<img loading=\"lazy\" decoding=\"async\" width=\"1290\" height=\"860\" src=\"https:\/\/redescubramossonora.mx\/renaturasonora\/wp-content\/uploads\/2024\/01\/IMG_1680-2048x1365.jpg\" class=\"attachment-large size-large wp-image-3265\" alt=\"\" srcset=\"https:\/\/redescubramossonora.mx\/renaturasonora\/wp-content\/uploads\/2024\/01\/IMG_1680-2048x1365.jpg 2048w, https:\/\/redescubramossonora.mx\/renaturasonora\/wp-content\/uploads\/2024\/01\/IMG_1680-300x200.jpg 300w, https:\/\/redescubramossonora.mx\/renaturasonora\/wp-content\/uploads\/2024\/01\/IMG_1680-768x512.jpg 768w, https:\/\/redescubramossonora.mx\/renaturasonora\/wp-content\/uploads\/2024\/01\/IMG_1680-1536x1024.jpg 1536w, https:\/\/redescubramossonora.mx\/renaturasonora\/wp-content\/uploads\/2024\/01\/IMG_1680-205x137.jpg 205w, https:\/\/redescubramossonora.mx\/renaturasonora\/wp-content\/uploads\/2024\/01\/IMG_1680-480x320.jpg 480w\" sizes=\"(max-width: 1290px) 100vw, 1290px\" \/>\t\t\t\t\t\t\t\t\t\t\t\t\t\t\t<\/div>\n\t\t\t\t<\/div>\n\t\t\t\t\t<\/div>\n\t\t<\/div>\n\t\t\t\t<div class=\"elementor-column elementor-col-50 elementor-top-column elementor-element elementor-element-e9e4c17\" data-id=\"e9e4c17\" data-element_type=\"column\" data-e-type=\"column\">\n\t\t\t<div class=\"elementor-widget-wrap elementor-element-populated\">\n\t\t\t\t\t\t<div class=\"elementor-element elementor-element-b598006 elementor-widget elementor-widget-text-editor\" data-id=\"b598006\" data-element_type=\"widget\" data-e-type=\"widget\" data-widget_type=\"text-editor.default\">\n\t\t\t\t<div class=\"elementor-widget-container\">\n\t\t\t\t\t\t\t\t\t<p>En resumen, la palomilla cuatro espejos es una mariposa fascinante que cautiva a observadores de la naturaleza con su belleza \u00fanica y su papel crucial en el ciclo de vida de muchas plantas. Su historia, desde el huevo hasta la mariposa adulta, es un testimonio de la asombrosa diversidad y complejidad de la vida en nuestro planeta. Proteger y preservar estas especies es fundamental para mantener el equilibrio de los ecosistemas y garantizar la continuidad de su contribuci\u00f3n a la naturaleza.<\/p>\t\t\t\t\t\t\t\t<\/div>\n\t\t\t\t<\/div>\n\t\t\t\t\t<\/div>\n\t\t<\/div>\n\t\t\t\t\t<\/div>\n\t\t<\/section>\n\t\t\t\t<\/div>\n\t\t","protected":false},"excerpt":{"rendered":"<p>https:\/\/youtu.be\/jW7LBVnxc5o La palomilla cuatro espejos, cient\u00edficamente conocida como Rothschildia cincta cincta, es una mariposa fascinante que pertenece a la familia Saturniidae. Este insecto hermoso y peculiar es nativo de Am\u00e9rica Central y Am\u00e9rica del Sur, y se caracteriza por su envergadura impresionante y sus alas adornadas con patrones llamativos. Su nombre com\u00fan, \u00abcuatro espejos\u00bb, se refiere a las manchas reflectantes que se asemejan a espejos en cada ala. Esta especie en particular ha capturado la atenci\u00f3n de entom\u00f3logos y amantes de la naturaleza debido a su apariencia \u00fanica y comportamiento interesante. Las palomillas cuatro espejos son criaturas de h\u00e1bitos nocturnos, lo que significa que son m\u00e1s activas durante la noche. Durante el d\u00eda, se posan en lugares estrat\u00e9gicos para camuflarse y evitar ser presa de depredadores. Su capacidad para mimetizarse con su entorno les proporciona una forma efectiva de protecci\u00f3n. Una de las caracter\u00edsticas m\u00e1s asombrosas de esta mariposa es su ciclo de vida. Comienza como un huevo, que se deposita en las hojas de las plantas alimenticias. Una vez que el huevo eclosiona, emerge una oruga voraz que se alimenta constantemente para acumular la energ\u00eda necesaria para su transformaci\u00f3n. La oruga pasa por varias etapas de desarrollo antes de convertirse en una cris\u00e1lida, donde ocurre la metamorfosis m\u00e1gica que dar\u00e1 lugar a la mariposa adulta. Las palomillas cuatro espejos tienen una envergadura que puede alcanzar hasta 15 cent\u00edmetros, y sus alas est\u00e1n adornadas con una paleta de colores vibrantes que incluyen tonos de amarillo, marr\u00f3n, rojo y blanco. Sin embargo, lo m\u00e1s notable son las manchas reflectantes en forma de espejos que se encuentran en cada ala, las cuales contribuyen a su nombre com\u00fan. En cuanto a su importancia ecol\u00f3gica, estas mariposas desempe\u00f1an un papel vital en el ecosistema como polinizadores. Al visitar flores en busca de n\u00e9ctar, transportan polen de una flor a otra, facilitando as\u00ed el proceso de reproducci\u00f3n de las plantas. Su participaci\u00f3n en este proceso contribuye a la diversidad y la salud general de la vegetaci\u00f3n circundante. A pesar de su belleza, las palomillas cuatro espejos tambi\u00e9n enfrentan desaf\u00edos en su entorno natural. La p\u00e9rdida de h\u00e1bitat debido a la deforestaci\u00f3n y la contaminaci\u00f3n son amenazas significativas para su supervivencia, lo que destaca la importancia de conservar y proteger los ecosistemas en los que habitan. En resumen, la palomilla cuatro espejos es una mariposa fascinante que cautiva a observadores de la naturaleza con su belleza \u00fanica y su papel crucial en el ciclo de vida de muchas plantas. Su historia, desde el huevo hasta la mariposa adulta, es un testimonio de la asombrosa diversidad y complejidad de la vida en nuestro planeta. Proteger y preservar estas especies es fundamental para mantener el equilibrio de los ecosistemas y garantizar la continuidad de su contribuci\u00f3n a la naturaleza.<\/p>\n","protected":false},"author":2,"featured_media":0,"parent":0,"menu_order":0,"comment_status":"closed","ping_status":"closed","template":"","meta":{"footnotes":""},"class_list":["post-3050","page","type-page","status-publish","hentry"],"blocksy_meta":{"styles_descriptor":{"styles":{"desktop":"","tablet":"","mobile":""},"google_fonts":[],"version":6}},"_links":{"self":[{"href":"https:\/\/redescubramossonora.mx\/renaturasonora\/wp-json\/wp\/v2\/pages\/3050","targetHints":{"allow":["GET"]}}],"collection":[{"href":"https:\/\/redescubramossonora.mx\/renaturasonora\/wp-json\/wp\/v2\/pages"}],"about":[{"href":"https:\/\/redescubramossonora.mx\/renaturasonora\/wp-json\/wp\/v2\/types\/page"}],"author":[{"embeddable":true,"href":"https:\/\/redescubramossonora.mx\/renaturasonora\/wp-json\/wp\/v2\/users\/2"}],"replies":[{"embeddable":true,"href":"https:\/\/redescubramossonora.mx\/renaturasonora\/wp-json\/wp\/v2\/comments?post=3050"}],"version-history":[{"count":25,"href":"https:\/\/redescubramossonora.mx\/renaturasonora\/wp-json\/wp\/v2\/pages\/3050\/revisions"}],"predecessor-version":[{"id":3271,"href":"https:\/\/redescubramossonora.mx\/renaturasonora\/wp-json\/wp\/v2\/pages\/3050\/revisions\/3271"}],"wp:attachment":[{"href":"https:\/\/redescubramossonora.mx\/renaturasonora\/wp-json\/wp\/v2\/media?parent=3050"}],"curies":[{"name":"wp","href":"https:\/\/api.w.org\/{rel}","templated":true}]}}