{"id":2721,"date":"2023-09-10T23:37:20","date_gmt":"2023-09-10T23:37:20","guid":{"rendered":"https:\/\/redescubramossonora.mx\/renaturasonora\/?page_id=2721"},"modified":"2025-09-22T18:23:03","modified_gmt":"2025-09-22T18:23:03","slug":"mapa","status":"publish","type":"page","link":"https:\/\/redescubramossonora.mx\/renaturasonora\/mapa\/","title":{"rendered":"MAPA"},"content":{"rendered":"\t\t<div data-elementor-type=\"wp-page\" data-elementor-id=\"2721\" class=\"elementor elementor-2721\" data-elementor-post-type=\"page\">\n\t\t\t\t\t\t<section class=\"elementor-section elementor-top-section elementor-element elementor-element-5ec846e elementor-section-boxed elementor-section-height-default elementor-section-height-default wpr-particle-no wpr-sticky-section-no wpr-column-slider-no wpr-equal-height-no\" data-id=\"5ec846e\" data-element_type=\"section\" data-e-type=\"section\">\n\t\t\t\t\t\t<div class=\"elementor-container elementor-column-gap-default\">\n\t\t\t\t\t<div class=\"elementor-column elementor-col-100 elementor-top-column elementor-element elementor-element-c0a3ffe\" data-id=\"c0a3ffe\" data-element_type=\"column\" data-e-type=\"column\">\n\t\t\t<div class=\"elementor-widget-wrap elementor-element-populated\">\n\t\t\t\t\t\t<div class=\"elementor-element elementor-element-5efa894 elementor-widget elementor-widget-heading\" data-id=\"5efa894\" data-element_type=\"widget\" data-e-type=\"widget\" data-widget_type=\"heading.default\">\n\t\t\t\t<div class=\"elementor-widget-container\">\n\t\t\t\t\t<h3 class=\"elementor-heading-title elementor-size-default\">Mapa de observaciones de plantas del jard\u00edn etnobiol\u00f3gico en Sonora<\/h3>\t\t\t\t<\/div>\n\t\t\t\t<\/div>\n\t\t\t\t\t<\/div>\n\t\t<\/div>\n\t\t\t\t\t<\/div>\n\t\t<\/section>\n\t\t\t\t<section class=\"elementor-section elementor-top-section elementor-element elementor-element-69f308e elementor-section-boxed elementor-section-height-default elementor-section-height-default wpr-particle-no wpr-sticky-section-no wpr-column-slider-no wpr-equal-height-no\" data-id=\"69f308e\" data-element_type=\"section\" data-e-type=\"section\">\n\t\t\t\t\t\t<div class=\"elementor-container elementor-column-gap-default\">\n\t\t\t\t\t<div class=\"elementor-column elementor-col-100 elementor-top-column elementor-element elementor-element-62657aa\" data-id=\"62657aa\" data-element_type=\"column\" data-e-type=\"column\">\n\t\t\t<div class=\"elementor-widget-wrap elementor-element-populated\">\n\t\t\t\t\t\t<div class=\"elementor-element elementor-element-18a473c elementor-widget elementor-widget-text-editor\" data-id=\"18a473c\" data-element_type=\"widget\" data-e-type=\"widget\" data-widget_type=\"text-editor.default\">\n\t\t\t\t<div class=\"elementor-widget-container\">\n\t\t\t\t\t\t\t\t\t<p>Un mapa de observaciones de especies es una representaci\u00f3n gr\u00e1fica de la distribuci\u00f3n geogr\u00e1fica de una especie o grupo de especies. Se utiliza para visualizar la presencia o ausencia de una especie en un \u00e1rea determinada, y para identificar las \u00e1reas donde es m\u00e1s probable que se encuentre. La informaci\u00f3n para generar este tipo de mapas puede ser obtenida a partir de una variedad de fuentes, por ejemplo: registros de campo, es decir, observaciones directas de una especie en un lugar determinado o, a trav\u00e9s de modelos predictivos que se utilizan para estimar en donde se podr\u00eda encontrar una especie.<\/p><p>Los mapas de observaciones de especies son \u00fatiles para una variedad de prop\u00f3sitos, incluyendo:<\/p><ul><li>Investigaci\u00f3n cient\u00edfica y etnobiol\u00f3gica: Los mapas permiten estudiar la distribuci\u00f3n y ecolog\u00eda de especies, as\u00ed como identificar \u00e1reas geogr\u00e1ficas donde ciertas plantas de inter\u00e9s etnobot\u00e1nico son abundantes o raras, y ayuda a enfocar la investigaci\u00f3n en regiones donde es m\u00e1s probable encontrar plantas de uso tradicional por parte de las comunidades locales. Esto \u00a0facilita la comprensi\u00f3n de las relaciones entre las comunidades y su entorno natural.<\/li><li>Gesti\u00f3n de la conservaci\u00f3n:\u00a0Los mapas de observaciones de especies se utilizan para planificar y gestionar las \u00e1reas protegidas, censar sitios de inter\u00e9s y evaluar el estatus poblacional de los grupos taxon\u00f3micos. En etnobot\u00e1nica se puede utilizar para identificar \u00e1reas criticas donde sea necesario priorizar la conservaci\u00f3n de plantas importantes para las comunidades locales.<\/li><li>Educaci\u00f3n y divulgaci\u00f3n:\u00a0Pueden ser utilizados para educar al p\u00fablico sobre la biodiversidad. Pueden ayudar a las personas y las comunidades locales a comprender d\u00f3nde viven las especies que son importantes en el conocimiento tradicional, y la importancia de su conservaci\u00f3n.<\/li><\/ul><p>En resumen, los mapas de observaciones de especies son una herramienta valiosa en la etnobot\u00e1nica, ya que ayudan a los investigadores a comprender mejor la relaci\u00f3n entre las\u00a0<a href=\"https:\/\/shopmaster.com.ua\">https:\/\/shopmaster.com.ua<\/a> comunidades humanas y las plantas, as\u00ed como a promover la conservaci\u00f3n de la biodiversidad y el conocimiento tradicional.<\/p><p><em>Carlos Galaz y Marina Acu\u00f1a<\/em><\/p>\t\t\t\t\t\t\t\t<\/div>\n\t\t\t\t<\/div>\n\t\t\t\t\t<\/div>\n\t\t<\/div>\n\t\t\t\t\t<\/div>\n\t\t<\/section>\n\t\t\t\t<section class=\"elementor-section elementor-top-section elementor-element elementor-element-060c78d ct-section-stretched elementor-section-full_width elementor-section-height-default elementor-section-height-default wpr-particle-no wpr-sticky-section-no wpr-column-slider-no wpr-equal-height-no\" data-id=\"060c78d\" data-element_type=\"section\" data-e-type=\"section\">\n\t\t\t\t\t\t<div class=\"elementor-container elementor-column-gap-default\">\n\t\t\t\t\t<div class=\"elementor-column elementor-col-100 elementor-top-column elementor-element elementor-element-9ee25a8\" data-id=\"9ee25a8\" data-element_type=\"column\" data-e-type=\"column\">\n\t\t\t<div class=\"elementor-widget-wrap elementor-element-populated\">\n\t\t\t\t\t\t<div class=\"elementor-element elementor-element-9514489 elementor-widget elementor-widget-html\" data-id=\"9514489\" data-element_type=\"widget\" data-e-type=\"widget\" data-widget_type=\"html.default\">\n\t\t\t\t<div class=\"elementor-widget-container\">\n\t\t\t\t\t<iframe title=\"mapacasifinal02\" width=\"800\" height=\"836\" src=\"https:\/\/app.powerbi.com\/view?r=eyJrIjoiY2Y1ZjFmMzMtMzIxMi00YjQxLTkxYjQtYzUyZTUwZWViNTk3IiwidCI6IjcyNzIxNGM5LTkxNzUtNGU5ZS1iODQ5LTllYTBkNzMxNWJiNCIsImMiOjR9\" frameborder=\"0\" allowFullScreen=\"true\"><\/iframe>\t\t\t\t<\/div>\n\t\t\t\t<\/div>\n\t\t\t\t\t<\/div>\n\t\t<\/div>\n\t\t\t\t\t<\/div>\n\t\t<\/section>\n\t\t\t\t<\/div>\n\t\t","protected":false},"excerpt":{"rendered":"<p>Mapa de observaciones de plantas del jard\u00edn etnobiol\u00f3gico en Sonora Un mapa de observaciones de especies es una representaci\u00f3n gr\u00e1fica de la distribuci\u00f3n geogr\u00e1fica de una especie o grupo de especies. Se utiliza para visualizar la presencia o ausencia de una especie en un \u00e1rea determinada, y para identificar las \u00e1reas donde es m\u00e1s probable que se encuentre. La informaci\u00f3n para generar este tipo de mapas puede ser obtenida a partir de una variedad de fuentes, por ejemplo: registros de campo, es decir, observaciones directas de una especie en un lugar determinado o, a trav\u00e9s de modelos predictivos que se utilizan para estimar en donde se podr\u00eda encontrar una especie. Los mapas de observaciones de especies son \u00fatiles para una variedad de prop\u00f3sitos, incluyendo: Investigaci\u00f3n cient\u00edfica y etnobiol\u00f3gica: Los mapas permiten estudiar la distribuci\u00f3n y ecolog\u00eda de especies, as\u00ed como identificar \u00e1reas geogr\u00e1ficas donde ciertas plantas de inter\u00e9s etnobot\u00e1nico son abundantes o raras, y ayuda a enfocar la investigaci\u00f3n en regiones donde es m\u00e1s probable encontrar plantas de uso tradicional por parte de las comunidades locales. Esto \u00a0facilita la comprensi\u00f3n de las relaciones entre las comunidades y su entorno natural. Gesti\u00f3n de la conservaci\u00f3n:\u00a0Los mapas de observaciones de especies se utilizan para planificar y gestionar las \u00e1reas protegidas, censar sitios de inter\u00e9s y evaluar el estatus poblacional de los grupos taxon\u00f3micos. En etnobot\u00e1nica se puede utilizar para identificar \u00e1reas criticas donde sea necesario priorizar la conservaci\u00f3n de plantas importantes para las comunidades locales. Educaci\u00f3n y divulgaci\u00f3n:\u00a0Pueden ser utilizados para educar al p\u00fablico sobre la biodiversidad. Pueden ayudar a las personas y las comunidades locales a comprender d\u00f3nde viven las especies que son importantes en el conocimiento tradicional, y la importancia de su conservaci\u00f3n. En resumen, los mapas de observaciones de especies son una herramienta valiosa en la etnobot\u00e1nica, ya que ayudan a los investigadores a comprender mejor la relaci\u00f3n entre las\u00a0https:\/\/shopmaster.com.ua comunidades humanas y las plantas, as\u00ed como a promover la conservaci\u00f3n de la biodiversidad y el conocimiento tradicional. Carlos Galaz y Marina Acu\u00f1a<\/p>\n","protected":false},"author":2,"featured_media":0,"parent":0,"menu_order":0,"comment_status":"closed","ping_status":"closed","template":"","meta":{"footnotes":""},"class_list":["post-2721","page","type-page","status-publish","hentry"],"blocksy_meta":{"styles_descriptor":{"styles":{"desktop":"","tablet":"","mobile":""},"google_fonts":[],"version":6}},"_links":{"self":[{"href":"https:\/\/redescubramossonora.mx\/renaturasonora\/wp-json\/wp\/v2\/pages\/2721","targetHints":{"allow":["GET"]}}],"collection":[{"href":"https:\/\/redescubramossonora.mx\/renaturasonora\/wp-json\/wp\/v2\/pages"}],"about":[{"href":"https:\/\/redescubramossonora.mx\/renaturasonora\/wp-json\/wp\/v2\/types\/page"}],"author":[{"embeddable":true,"href":"https:\/\/redescubramossonora.mx\/renaturasonora\/wp-json\/wp\/v2\/users\/2"}],"replies":[{"embeddable":true,"href":"https:\/\/redescubramossonora.mx\/renaturasonora\/wp-json\/wp\/v2\/comments?post=2721"}],"version-history":[{"count":34,"href":"https:\/\/redescubramossonora.mx\/renaturasonora\/wp-json\/wp\/v2\/pages\/2721\/revisions"}],"predecessor-version":[{"id":4184,"href":"https:\/\/redescubramossonora.mx\/renaturasonora\/wp-json\/wp\/v2\/pages\/2721\/revisions\/4184"}],"wp:attachment":[{"href":"https:\/\/redescubramossonora.mx\/renaturasonora\/wp-json\/wp\/v2\/media?parent=2721"}],"curies":[{"name":"wp","href":"https:\/\/api.w.org\/{rel}","templated":true}]}}