{"id":1484,"date":"2023-04-04T02:27:28","date_gmt":"2023-04-04T02:27:28","guid":{"rendered":"https:\/\/redescubramossonora.mx\/renaturasonora\/?page_id=1484"},"modified":"2025-09-22T18:26:34","modified_gmt":"2025-09-22T18:26:34","slug":"documentales","status":"publish","type":"page","link":"https:\/\/redescubramossonora.mx\/renaturasonora\/documentales\/","title":{"rendered":"Documentales"},"content":{"rendered":"\t\t<div data-elementor-type=\"wp-page\" data-elementor-id=\"1484\" class=\"elementor elementor-1484\" data-elementor-post-type=\"page\">\n\t\t\t\t\t\t<section class=\"elementor-section elementor-top-section elementor-element elementor-element-912ac7f elementor-section-boxed elementor-section-height-default elementor-section-height-default wpr-particle-no wpr-sticky-section-no wpr-column-slider-no wpr-equal-height-no\" data-id=\"912ac7f\" data-element_type=\"section\" data-e-type=\"section\">\n\t\t\t\t\t\t<div class=\"elementor-container elementor-column-gap-default\">\n\t\t\t\t\t<div class=\"elementor-column elementor-col-50 elementor-top-column elementor-element elementor-element-962cdcf\" data-id=\"962cdcf\" data-element_type=\"column\" data-e-type=\"column\">\n\t\t\t<div class=\"elementor-widget-wrap elementor-element-populated\">\n\t\t\t\t\t\t<div class=\"elementor-element elementor-element-e7b999f elementor-widget elementor-widget-video\" data-id=\"e7b999f\" data-element_type=\"widget\" data-e-type=\"widget\" data-settings=\"{&quot;youtube_url&quot;:&quot;https:\\\/\\\/youtu.be\\\/o9DA4l1z5cQ&quot;,&quot;video_type&quot;:&quot;youtube&quot;,&quot;controls&quot;:&quot;yes&quot;}\" data-widget_type=\"video.default\">\n\t\t\t\t<div class=\"elementor-widget-container\">\n\t\t\t\t\t\t\t<div class=\"elementor-wrapper elementor-open-inline\">\n\t\t\t<div class=\"elementor-video\"><\/div>\t\t<\/div>\n\t\t\t\t\t\t<\/div>\n\t\t\t\t<\/div>\n\t\t\t\t\t<\/div>\n\t\t<\/div>\n\t\t\t\t<div class=\"elementor-column elementor-col-50 elementor-top-column elementor-element elementor-element-3adc299\" data-id=\"3adc299\" data-element_type=\"column\" data-e-type=\"column\">\n\t\t\t<div class=\"elementor-widget-wrap elementor-element-populated\">\n\t\t\t\t\t\t<div class=\"elementor-element elementor-element-9992a2c elementor-widget elementor-widget-heading\" data-id=\"9992a2c\" data-element_type=\"widget\" data-e-type=\"widget\" data-widget_type=\"heading.default\">\n\t\t\t\t<div class=\"elementor-widget-container\">\n\t\t\t\t\t<h2 class=\"elementor-heading-title elementor-size-default\">RENATURA: Un jard\u00edn etnobiol\u00f3gico en el desierto de Sonora<\/h2>\t\t\t\t<\/div>\n\t\t\t\t<\/div>\n\t\t\t\t<div class=\"elementor-element elementor-element-49cbfca elementor-widget elementor-widget-text-editor\" data-id=\"49cbfca\" data-element_type=\"widget\" data-e-type=\"widget\" data-widget_type=\"text-editor.default\">\n\t\t\t\t<div class=\"elementor-widget-container\">\n\t\t\t\t\t\t\t\t\t<p>Este jard\u00edn etnobiol\u00f3gico que la Universidad Tecnol\u00f3gica de Hermosillo empez\u00f3 a realizar en Bah\u00eda de Kino en 2020, con apoyo del Consejo Nacional de Ciencia y Tecnolog\u00eda, impulsa un cambio de paradigma respecto al medio ambiente, con base en un di\u00e1logo abierto con orientaci\u00f3n al cuidado comunitario, sobre todo a la valoraci\u00f3n y preservaci\u00f3n de los saberes \u00e9tnicos en materia biol\u00f3gica. Por ello, el objetivo primordial es sembrar el inter\u00e9s por estos temas en las generaciones presentes y futuras acerca de los saberes tradicionales y locales.<\/p><p>Realizado con el apoyo del Consejo Nacional de Ciencia y Tecnolog\u00eda (Conacyt) | Direcci\u00f3n de acceso universal al conocimiento a trav\u00e9s de su convocatoria &#8216;Establecimiento de una red de espacios de acceso universal al conocimiento cient\u00edfico, tecnol\u00f3gico y human\u00edstico a trav\u00e9s del arte. 2021 Proyecto CONACyT 315313.<\/p><p>Licencia Creative Commons 4.0<\/p>\t\t\t\t\t\t\t\t<\/div>\n\t\t\t\t<\/div>\n\t\t\t\t\t<\/div>\n\t\t<\/div>\n\t\t\t\t\t<\/div>\n\t\t<\/section>\n\t\t\t\t<section class=\"elementor-section elementor-top-section elementor-element elementor-element-ed20922 elementor-section-boxed elementor-section-height-default elementor-section-height-default wpr-particle-no wpr-sticky-section-no wpr-column-slider-no wpr-equal-height-no\" data-id=\"ed20922\" data-element_type=\"section\" data-e-type=\"section\">\n\t\t\t\t\t\t<div class=\"elementor-container elementor-column-gap-default\">\n\t\t\t\t\t<div class=\"elementor-column elementor-col-100 elementor-top-column elementor-element elementor-element-1a5d08f\" data-id=\"1a5d08f\" data-element_type=\"column\" data-e-type=\"column\">\n\t\t\t<div class=\"elementor-widget-wrap elementor-element-populated\">\n\t\t\t\t\t\t<div class=\"elementor-element elementor-element-5c3492a elementor-widget-divider--view-line elementor-widget elementor-widget-divider\" data-id=\"5c3492a\" data-element_type=\"widget\" data-e-type=\"widget\" data-widget_type=\"divider.default\">\n\t\t\t\t<div class=\"elementor-widget-container\">\n\t\t\t\t\t\t\t<div class=\"elementor-divider\">\n\t\t\t<span class=\"elementor-divider-separator\">\n\t\t\t\t\t\t<\/span>\n\t\t<\/div>\n\t\t\t\t\t\t<\/div>\n\t\t\t\t<\/div>\n\t\t\t\t\t<\/div>\n\t\t<\/div>\n\t\t\t\t\t<\/div>\n\t\t<\/section>\n\t\t\t\t<section class=\"elementor-section elementor-top-section elementor-element elementor-element-20cb970 elementor-section-boxed elementor-section-height-default elementor-section-height-default wpr-particle-no wpr-sticky-section-no wpr-column-slider-no wpr-equal-height-no\" data-id=\"20cb970\" data-element_type=\"section\" data-e-type=\"section\">\n\t\t\t\t\t\t<div class=\"elementor-container elementor-column-gap-default\">\n\t\t\t\t\t<div class=\"elementor-column elementor-col-50 elementor-top-column elementor-element elementor-element-f76ed35\" data-id=\"f76ed35\" data-element_type=\"column\" data-e-type=\"column\">\n\t\t\t<div class=\"elementor-widget-wrap elementor-element-populated\">\n\t\t\t\t\t\t<div class=\"elementor-element elementor-element-e906081 elementor-widget elementor-widget-video\" data-id=\"e906081\" data-element_type=\"widget\" data-e-type=\"widget\" data-settings=\"{&quot;youtube_url&quot;:&quot;https:\\\/\\\/youtu.be\\\/_rpKa1POXoA&quot;,&quot;video_type&quot;:&quot;youtube&quot;,&quot;controls&quot;:&quot;yes&quot;}\" data-widget_type=\"video.default\">\n\t\t\t\t<div class=\"elementor-widget-container\">\n\t\t\t\t\t\t\t<div class=\"elementor-wrapper elementor-open-inline\">\n\t\t\t<div class=\"elementor-video\"><\/div>\t\t<\/div>\n\t\t\t\t\t\t<\/div>\n\t\t\t\t<\/div>\n\t\t\t\t\t<\/div>\n\t\t<\/div>\n\t\t\t\t<div class=\"elementor-column elementor-col-50 elementor-top-column elementor-element elementor-element-4f5c5db\" data-id=\"4f5c5db\" data-element_type=\"column\" data-e-type=\"column\">\n\t\t\t<div class=\"elementor-widget-wrap elementor-element-populated\">\n\t\t\t\t\t\t<div class=\"elementor-element elementor-element-2198696 elementor-widget elementor-widget-heading\" data-id=\"2198696\" data-element_type=\"widget\" data-e-type=\"widget\" data-widget_type=\"heading.default\">\n\t\t\t\t<div class=\"elementor-widget-container\">\n\t\t\t\t\t<h2 class=\"elementor-heading-title elementor-size-default\">Identidad y cultura de Sonora: La mariposa 4 espejos<\/h2>\t\t\t\t<\/div>\n\t\t\t\t<\/div>\n\t\t\t\t<div class=\"elementor-element elementor-element-c8813c0 elementor-widget elementor-widget-text-editor\" data-id=\"c8813c0\" data-element_type=\"widget\" data-e-type=\"widget\" data-widget_type=\"text-editor.default\">\n\t\t\t\t<div class=\"elementor-widget-container\">\n\t\t\t\t\t\t\t\t\t<p>El video da a conocer el nuevo mariposario realizado en Bah\u00eda de Kino, en la costa Hermosillo, en el Jard\u00edn Etnobiol\u00f3gico Renatura Sonora, para favorecer la reproducci\u00f3n de la Mariposa 4 Espejos. Varios pueblos originarios del Noroeste de M\u00e9xico utilizan desde tiempos ancestrales los capullos de esta especie de mariposa nocturna para elaborar atuendos ceremoniales. Se evidencia por un lado el uso biocultural de la Mariposa 4 Espejos, y por el otro la necesidad de potenciar proyectos para proteger esta especie que se encuentra en riesgo de extinci\u00f3n.<\/p><p>Realizado con el apoyo del Consejo Nacional de Ciencia y Tecnolog\u00eda (Conacyt), Direcci\u00f3n de Acceso Universal al Conocimiento a trav\u00e9s de la convocatoria 2020 \u2018Impulso a la Consolidaci\u00f3n\u00a0<a href=\"https:\/\/mebelexpo.com.ua\">https:\/\/mebelexpo.com.ua<\/a> de una Red Nacional de Jardines Etnobiol\u00f3gicos\u2019.<\/p><p>Licencia Creative Commons 4.0<\/p>\t\t\t\t\t\t\t\t<\/div>\n\t\t\t\t<\/div>\n\t\t\t\t\t<\/div>\n\t\t<\/div>\n\t\t\t\t\t<\/div>\n\t\t<\/section>\n\t\t\t\t<section class=\"elementor-section elementor-top-section elementor-element elementor-element-e61a2bf elementor-section-boxed elementor-section-height-default elementor-section-height-default wpr-particle-no wpr-sticky-section-no wpr-column-slider-no wpr-equal-height-no\" data-id=\"e61a2bf\" data-element_type=\"section\" data-e-type=\"section\">\n\t\t\t\t\t\t<div class=\"elementor-container elementor-column-gap-default\">\n\t\t\t\t\t<div class=\"elementor-column elementor-col-100 elementor-top-column elementor-element elementor-element-c10e070\" data-id=\"c10e070\" data-element_type=\"column\" data-e-type=\"column\">\n\t\t\t<div class=\"elementor-widget-wrap elementor-element-populated\">\n\t\t\t\t\t\t<div class=\"elementor-element elementor-element-dc9f55e elementor-widget-divider--view-line elementor-widget elementor-widget-divider\" data-id=\"dc9f55e\" data-element_type=\"widget\" data-e-type=\"widget\" data-widget_type=\"divider.default\">\n\t\t\t\t<div class=\"elementor-widget-container\">\n\t\t\t\t\t\t\t<div class=\"elementor-divider\">\n\t\t\t<span class=\"elementor-divider-separator\">\n\t\t\t\t\t\t<\/span>\n\t\t<\/div>\n\t\t\t\t\t\t<\/div>\n\t\t\t\t<\/div>\n\t\t\t\t\t<\/div>\n\t\t<\/div>\n\t\t\t\t\t<\/div>\n\t\t<\/section>\n\t\t\t\t<\/div>\n\t\t","protected":false},"excerpt":{"rendered":"<p>RENATURA: Un jard\u00edn etnobiol\u00f3gico en el desierto de Sonora Este jard\u00edn etnobiol\u00f3gico que la Universidad Tecnol\u00f3gica de Hermosillo empez\u00f3 a realizar en Bah\u00eda de Kino en 2020, con apoyo del Consejo Nacional de Ciencia y Tecnolog\u00eda, impulsa un cambio de paradigma respecto al medio ambiente, con base en un di\u00e1logo abierto con orientaci\u00f3n al cuidado comunitario, sobre todo a la valoraci\u00f3n y preservaci\u00f3n de los saberes \u00e9tnicos en materia biol\u00f3gica. Por ello, el objetivo primordial es sembrar el inter\u00e9s por estos temas en las generaciones presentes y futuras acerca de los saberes tradicionales y locales. Realizado con el apoyo del Consejo Nacional de Ciencia y Tecnolog\u00eda (Conacyt) | Direcci\u00f3n de acceso universal al conocimiento a trav\u00e9s de su convocatoria &#8216;Establecimiento de una red de espacios de acceso universal al conocimiento cient\u00edfico, tecnol\u00f3gico y human\u00edstico a trav\u00e9s del arte. 2021 Proyecto CONACyT 315313. Licencia Creative Commons 4.0 Identidad y cultura de Sonora: La mariposa 4 espejos El video da a conocer el nuevo mariposario realizado en Bah\u00eda de Kino, en la costa Hermosillo, en el Jard\u00edn Etnobiol\u00f3gico Renatura Sonora, para favorecer la reproducci\u00f3n de la Mariposa 4 Espejos. Varios pueblos originarios del Noroeste de M\u00e9xico utilizan desde tiempos ancestrales los capullos de esta especie de mariposa nocturna para elaborar atuendos ceremoniales. Se evidencia por un lado el uso biocultural de la Mariposa 4 Espejos, y por el otro la necesidad de potenciar proyectos para proteger esta especie que se encuentra en riesgo de extinci\u00f3n. Realizado con el apoyo del Consejo Nacional de Ciencia y Tecnolog\u00eda (Conacyt), Direcci\u00f3n de Acceso Universal al Conocimiento a trav\u00e9s de la convocatoria 2020 \u2018Impulso a la Consolidaci\u00f3n\u00a0https:\/\/mebelexpo.com.ua de una Red Nacional de Jardines Etnobiol\u00f3gicos\u2019. Licencia Creative Commons 4.0<\/p>\n","protected":false},"author":1,"featured_media":0,"parent":0,"menu_order":0,"comment_status":"closed","ping_status":"closed","template":"","meta":{"footnotes":""},"class_list":["post-1484","page","type-page","status-publish","hentry"],"blocksy_meta":{"styles_descriptor":{"styles":{"desktop":"","tablet":"","mobile":""},"google_fonts":[],"version":6}},"_links":{"self":[{"href":"https:\/\/redescubramossonora.mx\/renaturasonora\/wp-json\/wp\/v2\/pages\/1484","targetHints":{"allow":["GET"]}}],"collection":[{"href":"https:\/\/redescubramossonora.mx\/renaturasonora\/wp-json\/wp\/v2\/pages"}],"about":[{"href":"https:\/\/redescubramossonora.mx\/renaturasonora\/wp-json\/wp\/v2\/types\/page"}],"author":[{"embeddable":true,"href":"https:\/\/redescubramossonora.mx\/renaturasonora\/wp-json\/wp\/v2\/users\/1"}],"replies":[{"embeddable":true,"href":"https:\/\/redescubramossonora.mx\/renaturasonora\/wp-json\/wp\/v2\/comments?post=1484"}],"version-history":[{"count":25,"href":"https:\/\/redescubramossonora.mx\/renaturasonora\/wp-json\/wp\/v2\/pages\/1484\/revisions"}],"predecessor-version":[{"id":4193,"href":"https:\/\/redescubramossonora.mx\/renaturasonora\/wp-json\/wp\/v2\/pages\/1484\/revisions\/4193"}],"wp:attachment":[{"href":"https:\/\/redescubramossonora.mx\/renaturasonora\/wp-json\/wp\/v2\/media?parent=1484"}],"curies":[{"name":"wp","href":"https:\/\/api.w.org\/{rel}","templated":true}]}}