{"id":1796,"date":"2025-03-07T18:38:12","date_gmt":"2025-03-07T18:38:12","guid":{"rendered":"https:\/\/redescubramossonora.mx\/memoriasdecajeme\/?page_id=1796"},"modified":"2025-12-04T08:53:11","modified_gmt":"2025-12-04T15:53:11","slug":"inicio","status":"publish","type":"page","link":"https:\/\/redescubramossonora.mx\/memoriasdecajeme\/","title":{"rendered":"inicio"},"content":{"rendered":"\t\t<div data-elementor-type=\"wp-page\" data-elementor-id=\"1796\" class=\"elementor elementor-1796\" data-elementor-post-type=\"page\">\n\t\t\t\t<div class=\"elementor-element elementor-element-07db08c e-con-full e-flex wpr-particle-no wpr-jarallax-no wpr-parallax-no wpr-sticky-section-no wpr-column-slider-no wpr-equal-height-no e-con e-parent\" data-id=\"07db08c\" data-element_type=\"container\" data-e-type=\"container\">\n\t\t<div class=\"elementor-element elementor-element-42b9787 e-con-full e-flex wpr-particle-no wpr-jarallax-no wpr-parallax-no wpr-sticky-section-no wpr-column-slider-no wpr-equal-height-no e-con e-child\" data-id=\"42b9787\" data-element_type=\"container\" data-e-type=\"container\">\n\t\t\t\t<\/div>\n\t\t<div class=\"elementor-element elementor-element-3f6b010 e-con-full e-flex wpr-particle-no wpr-jarallax-no wpr-parallax-no wpr-sticky-section-no wpr-column-slider-no wpr-equal-height-no e-con e-child\" data-id=\"3f6b010\" data-element_type=\"container\" data-e-type=\"container\">\n\t\t\t\t<div class=\"elementor-element elementor-element-8ec9304 elementor-widget elementor-widget-text-editor\" data-id=\"8ec9304\" data-element_type=\"widget\" data-e-type=\"widget\" data-widget_type=\"text-editor.default\">\n\t\t\t\t<div class=\"elementor-widget-container\">\n\t\t\t\t\t\t\t\t\t<p>\u2018Este sitio es apoyado por el Sistema de Apoyos a la Creaci\u00f3n y Proyectos Culturales\u2019<\/p>\t\t\t\t\t\t\t\t<\/div>\n\t\t\t\t<\/div>\n\t\t\t\t<div class=\"elementor-element elementor-element-97c1008 elementor-widget elementor-widget-image\" data-id=\"97c1008\" data-element_type=\"widget\" data-e-type=\"widget\" data-widget_type=\"image.default\">\n\t\t\t\t<div class=\"elementor-widget-container\">\n\t\t\t\t\t\t\t\t\t\t\t\t\t\t\t<img fetchpriority=\"high\" decoding=\"async\" width=\"1024\" height=\"149\" src=\"https:\/\/redescubramossonora.mx\/memoriasdecajeme\/wp-content\/uploads\/2025\/03\/scypc-1024x149.png\" class=\"attachment-large size-large wp-image-1885\" alt=\"\" srcset=\"https:\/\/redescubramossonora.mx\/memoriasdecajeme\/wp-content\/uploads\/2025\/03\/scypc-1024x149.png 1024w, https:\/\/redescubramossonora.mx\/memoriasdecajeme\/wp-content\/uploads\/2025\/03\/scypc-300x44.png 300w, https:\/\/redescubramossonora.mx\/memoriasdecajeme\/wp-content\/uploads\/2025\/03\/scypc-768x112.png 768w, https:\/\/redescubramossonora.mx\/memoriasdecajeme\/wp-content\/uploads\/2025\/03\/scypc-1536x224.png 1536w, https:\/\/redescubramossonora.mx\/memoriasdecajeme\/wp-content\/uploads\/2025\/03\/scypc-2048x299.png 2048w, https:\/\/redescubramossonora.mx\/memoriasdecajeme\/wp-content\/uploads\/2025\/03\/scypc-205x30.png 205w, https:\/\/redescubramossonora.mx\/memoriasdecajeme\/wp-content\/uploads\/2025\/03\/scypc-480x70.png 480w\" sizes=\"(max-width: 1024px) 100vw, 1024px\" \/>\t\t\t\t\t\t\t\t\t\t\t\t\t\t\t<\/div>\n\t\t\t\t<\/div>\n\t\t\t\t<\/div>\n\t\t\t\t<\/div>\n\t\t\t\t<section class=\"elementor-section elementor-top-section elementor-element elementor-element-7c2cdea elementor-section-full_width elementor-section-height-default elementor-section-height-default wpr-particle-no wpr-jarallax-no wpr-parallax-no wpr-sticky-section-no wpr-column-slider-no wpr-equal-height-no\" data-id=\"7c2cdea\" data-element_type=\"section\" data-e-type=\"section\">\n\t\t\t\t\t\t<div class=\"elementor-container elementor-column-gap-default\">\n\t\t\t\t\t<div class=\"elementor-column elementor-col-100 elementor-top-column elementor-element elementor-element-169b34a\" data-id=\"169b34a\" data-element_type=\"column\" data-e-type=\"column\">\n\t\t\t<div class=\"elementor-widget-wrap elementor-element-populated\">\n\t\t\t\t\t\t<div class=\"elementor-element elementor-element-5b82341 elementor--h-position-center elementor--v-position-middle elementor-pagination-position-inside elementor-widget elementor-widget-slides\" data-id=\"5b82341\" data-element_type=\"widget\" data-e-type=\"widget\" data-settings=\"{&quot;navigation&quot;:&quot;dots&quot;,&quot;autoplay&quot;:&quot;yes&quot;,&quot;pause_on_hover&quot;:&quot;yes&quot;,&quot;pause_on_interaction&quot;:&quot;yes&quot;,&quot;autoplay_speed&quot;:5000,&quot;infinite&quot;:&quot;yes&quot;,&quot;transition&quot;:&quot;slide&quot;,&quot;transition_speed&quot;:500}\" data-widget_type=\"slides.default\">\n\t\t\t\t<div class=\"elementor-widget-container\">\n\t\t\t\t\t\t\t\t\t<div class=\"elementor-swiper\">\n\t\t\t\t\t<div class=\"elementor-slides-wrapper elementor-main-swiper swiper\" role=\"region\" aria-roledescription=\"carousel\" aria-label=\"Slides\" dir=\"ltr\" data-animation=\"fadeInUp\">\n\t\t\t\t<div class=\"swiper-wrapper elementor-slides\">\n\t\t\t\t\t\t\t\t\t\t<div class=\"elementor-repeater-item-360ce0f swiper-slide\" role=\"group\" aria-roledescription=\"slide\"><div class=\"swiper-slide-bg elementor-ken-burns elementor-ken-burns--out\" role=\"img\" aria-label=\"ayuntamiento\"><\/div><div class=\"elementor-background-overlay\"><\/div><a class=\"swiper-slide-inner\" href=\"https:\/\/redescubramossonora.mx\/memoriasdecajeme\/mc\/sonora-ley-que-erige-en-ciudad-obregon-el-hasta-hoy-pueblo-de-cajeme-1928\"><div class=\"swiper-slide-contents\"><div class=\"elementor-slide-heading\">Ley que erige en Ciudad Obreg\u00f3n el hasta hoy pueblo de Cajeme<\/div><div class=\"elementor-slide-description\">Congreso del estado de Sonora<\/div><div  class=\"elementor-button elementor-slide-button elementor-size-sm\">Entrar<\/div><\/div><\/a><\/div><div class=\"elementor-repeater-item-201da4e swiper-slide\" role=\"group\" aria-roledescription=\"slide\"><div class=\"swiper-slide-bg elementor-ken-burns elementor-ken-burns--in\" role=\"img\" aria-label=\"RS-MC-2025-264-\"><\/div><div class=\"elementor-background-overlay\"><\/div><a class=\"swiper-slide-inner\" href=\"https:\/\/redescubramossonora.mx\/memoriasdecajeme\/documentales\"><div class=\"swiper-slide-contents\"><div class=\"elementor-slide-heading\">Documentales<\/div><div class=\"elementor-slide-description\">Descubre documentales que rescatan la memoria de nuestros pueblos y colonias. Aqu\u00ed la Historia no se detiene, se cuenta.<\/div><div  class=\"elementor-button elementor-slide-button elementor-size-sm\">Entrar<\/div><\/div><\/a><\/div>\t\t\t\t<\/div>\n\t\t\t\t\t\t\t\t\t\t\t\t\t\t\t\t\t\t\t\t<div class=\"swiper-pagination\"><\/div>\n\t\t\t\t\t\t\t\t\t\t\t\t<\/div>\n\t\t\t\t<\/div>\n\t\t\t\t\t\t\t\t<\/div>\n\t\t\t\t<\/div>\n\t\t\t\t\t<\/div>\n\t\t<\/div>\n\t\t\t\t\t<\/div>\n\t\t<\/section>\n\t\t\t\t<section class=\"elementor-section elementor-top-section elementor-element elementor-element-b848263 elementor-section-full_width elementor-section-height-min-height elementor-section-height-default elementor-section-items-middle wpr-particle-no wpr-jarallax-no wpr-parallax-no wpr-sticky-section-no wpr-column-slider-no wpr-equal-height-no\" data-id=\"b848263\" data-element_type=\"section\" data-e-type=\"section\" data-settings=\"{&quot;background_background&quot;:&quot;classic&quot;,&quot;shape_divider_top&quot;:&quot;curve&quot;}\">\n\t\t\t\t\t<div class=\"elementor-shape elementor-shape-top\" aria-hidden=\"true\" data-negative=\"false\">\n\t\t\t<svg xmlns=\"http:\/\/www.w3.org\/2000\/svg\" viewBox=\"0 0 1000 100\" preserveAspectRatio=\"none\">\n    <path class=\"elementor-shape-fill\" d=\"M1000,4.3V0H0v4.3C0.9,23.1,126.7,99.2,500,100S1000,22.7,1000,4.3z\"\/>\n<\/svg>\t\t<\/div>\n\t\t\t\t\t<div class=\"elementor-container elementor-column-gap-default\">\n\t\t\t\t\t<div class=\"elementor-column elementor-col-100 elementor-top-column elementor-element elementor-element-67d88f3\" data-id=\"67d88f3\" data-element_type=\"column\" data-e-type=\"column\">\n\t\t\t<div class=\"elementor-widget-wrap elementor-element-populated\">\n\t\t\t\t\t\t<div class=\"elementor-element elementor-element-5efdc10 elementor-widget elementor-widget-heading\" data-id=\"5efdc10\" data-element_type=\"widget\" data-e-type=\"widget\" data-widget_type=\"heading.default\">\n\t\t\t\t<div class=\"elementor-widget-container\">\n\t\t\t\t\t<h2 class=\"elementor-heading-title elementor-size-default\">Repositorio digital hist\u00f3rico del Municipio de Cajeme<\/h2>\t\t\t\t<\/div>\n\t\t\t\t<\/div>\n\t\t\t\t<div class=\"elementor-element elementor-element-3f63d00 elementor-widget elementor-widget-text-editor\" data-id=\"3f63d00\" data-element_type=\"widget\" data-e-type=\"widget\" data-widget_type=\"text-editor.default\">\n\t\t\t\t<div class=\"elementor-widget-container\">\n\t\t\t\t\t\t\t\t\t<p>Repositorio digital dedicado a preservar y difundir fotograf\u00edas, audios, videos, y documentos que representan la identidad de Cajeme, Sonora, M\u00e9xico. Estos archivos retratan la historia, evoluci\u00f3n y la vida cotidiana del municipio y su gente.<\/p>\t\t\t\t\t\t\t\t<\/div>\n\t\t\t\t<\/div>\n\t\t\t\t<div class=\"elementor-element elementor-element-e44a2d0 elementor-align-center elementor-widget elementor-widget-button\" data-id=\"e44a2d0\" data-element_type=\"widget\" data-e-type=\"widget\" data-widget_type=\"button.default\">\n\t\t\t\t<div class=\"elementor-widget-container\">\n\t\t\t\t\t\t\t\t\t<div class=\"elementor-button-wrapper\">\n\t\t\t\t\t<a class=\"elementor-button elementor-button-link elementor-size-sm\" href=\"https:\/\/redescubramossonora.mx\/memoriasdecajeme\/mc\">\n\t\t\t\t\t\t<span class=\"elementor-button-content-wrapper\">\n\t\t\t\t\t\t\t\t\t<span class=\"elementor-button-text\">Haz clic aqu\u00ed<\/span>\n\t\t\t\t\t<\/span>\n\t\t\t\t\t<\/a>\n\t\t\t\t<\/div>\n\t\t\t\t\t\t\t\t<\/div>\n\t\t\t\t<\/div>\n\t\t\t\t\t<\/div>\n\t\t<\/div>\n\t\t\t\t\t<\/div>\n\t\t<\/section>\n\t\t\t\t<section class=\"elementor-section elementor-top-section elementor-element elementor-element-f5adc60 elementor-section-full_width elementor-section-height-default elementor-section-height-default wpr-particle-no wpr-jarallax-no wpr-parallax-no wpr-sticky-section-no wpr-column-slider-no wpr-equal-height-no\" data-id=\"f5adc60\" data-element_type=\"section\" data-e-type=\"section\">\n\t\t\t\t\t\t<div class=\"elementor-container elementor-column-gap-default\">\n\t\t\t\t\t<div class=\"elementor-column elementor-col-50 elementor-top-column elementor-element elementor-element-7fd2a8e\" data-id=\"7fd2a8e\" data-element_type=\"column\" data-e-type=\"column\" data-settings=\"{&quot;background_background&quot;:&quot;classic&quot;}\">\n\t\t\t<div class=\"elementor-widget-wrap elementor-element-populated\">\n\t\t\t\t\t\t<div class=\"elementor-element elementor-element-8559b4e elementor-widget elementor-widget-heading\" data-id=\"8559b4e\" data-element_type=\"widget\" data-e-type=\"widget\" data-widget_type=\"heading.default\">\n\t\t\t\t<div class=\"elementor-widget-container\">\n\t\t\t\t\t<h2 class=\"elementor-heading-title elementor-size-default\">Visita la exposici\u00f3n<br>Entre asfalto y sue\u00f1os: Ciudad Obreg\u00f3n 1955-1957<\/h2>\t\t\t\t<\/div>\n\t\t\t\t<\/div>\n\t\t\t\t<div class=\"elementor-element elementor-element-3237f2b elementor-align-center elementor-widget elementor-widget-button\" data-id=\"3237f2b\" data-element_type=\"widget\" data-e-type=\"widget\" data-widget_type=\"button.default\">\n\t\t\t\t<div class=\"elementor-widget-container\">\n\t\t\t\t\t\t\t\t\t<div class=\"elementor-button-wrapper\">\n\t\t\t\t\t<a class=\"elementor-button elementor-button-link elementor-size-sm\" href=\"https:\/\/redescubramossonora.mx\/memoriasdecajeme\/entreasfaltoysuenos\/\">\n\t\t\t\t\t\t<span class=\"elementor-button-content-wrapper\">\n\t\t\t\t\t\t\t\t\t<span class=\"elementor-button-text\">ENTRAR<\/span>\n\t\t\t\t\t<\/span>\n\t\t\t\t\t<\/a>\n\t\t\t\t<\/div>\n\t\t\t\t\t\t\t\t<\/div>\n\t\t\t\t<\/div>\n\t\t\t\t\t<\/div>\n\t\t<\/div>\n\t\t\t\t<div class=\"elementor-column elementor-col-50 elementor-top-column elementor-element elementor-element-d08728c\" data-id=\"d08728c\" data-element_type=\"column\" data-e-type=\"column\">\n\t\t\t<div class=\"elementor-widget-wrap elementor-element-populated\">\n\t\t\t\t\t\t<div class=\"elementor-element elementor-element-9f862d8 elementor-widget__width-initial elementor-widget elementor-widget-wpr-before-after\" data-id=\"9f862d8\" data-element_type=\"widget\" data-e-type=\"widget\" data-widget_type=\"wpr-before-after.default\">\n\t\t\t\t<div class=\"elementor-widget-container\">\n\t\t\t\t\t<div class=\"wpr-ba-image-container wpr-ba-horizontal wpr-ba-labels-default\" data-position=\"50\" data-trigger=\"drag\"><div class=\"wpr-ba-image-1\"><img decoding=\"async\" src=\"https:\/\/redescubramossonora.mx\/memoriasdecajeme\/wp-content\/uploads\/2025\/03\/p01-300x175.jpg\"><\/div><div class=\"wpr-ba-image-2\"><img decoding=\"async\" src=\"https:\/\/redescubramossonora.mx\/memoriasdecajeme\/wp-content\/uploads\/2025\/03\/p02-300x175.jpg\"><\/div><div class=\"wpr-ba-divider\"><div class=\"wpr-ba-divider-icons\"><i class=\"fa fa-caret-left\"><\/i><i class=\"fa fa-caret-right\"><\/i><\/div><\/div><div class=\"wpr-ba-label wpr-ba-label-1\"><div>Antes<\/div><\/div><div class=\"wpr-ba-label wpr-ba-label-2\"><div>Despu\u00e9s<\/div><\/div><\/div>\t\t\t\t<\/div>\n\t\t\t\t<\/div>\n\t\t\t\t\t<\/div>\n\t\t<\/div>\n\t\t\t\t\t<\/div>\n\t\t<\/section>\n\t\t\t\t<\/div>\n\t\t","protected":false},"excerpt":{"rendered":"<p>\u2018Este sitio es apoyado por el Sistema de Apoyos a la Creaci\u00f3n y Proyectos Culturales\u2019 Ley que erige en Ciudad Obreg\u00f3n el hasta hoy pueblo de CajemeCongreso del estado de SonoraEntrarDocumentalesDescubre documentales que rescatan la memoria de nuestros pueblos y colonias. Aqu\u00ed la Historia no se detiene, se cuenta.Entrar Repositorio digital hist\u00f3rico del Municipio de Cajeme Repositorio digital dedicado a preservar y difundir fotograf\u00edas, audios, videos, y documentos que representan la identidad de Cajeme, Sonora, M\u00e9xico. Estos archivos retratan la historia, evoluci\u00f3n y la vida cotidiana del municipio y su gente. Haz clic aqu\u00ed Visita la exposici\u00f3nEntre asfalto y sue\u00f1os: Ciudad Obreg\u00f3n 1955-1957 ENTRAR AntesDespu\u00e9s<\/p>\n","protected":false},"author":1,"featured_media":0,"parent":0,"menu_order":0,"comment_status":"closed","ping_status":"closed","template":"elementor_header_footer","meta":{"_monsterinsights_skip_tracking":false,"_monsterinsights_sitenote_active":false,"_monsterinsights_sitenote_note":"","_monsterinsights_sitenote_category":0,"footnotes":""},"class_list":["post-1796","page","type-page","status-publish","hentry"],"blocksy_meta":[],"yoast_head":"<!-- This site is optimized with the Yoast SEO Premium plugin v24.2 (Yoast SEO v27.6) - https:\/\/yoast.com\/product\/yoast-seo-premium-wordpress\/ -->\n<title>inicio - Memorias de Cajeme<\/title>\n<meta name=\"robots\" content=\"index, follow, max-snippet:-1, max-image-preview:large, max-video-preview:-1\" \/>\n<link rel=\"canonical\" href=\"https:\/\/redescubramossonora.mx\/memoriasdecajeme\/\" \/>\n<meta property=\"og:locale\" content=\"es_ES\" \/>\n<meta property=\"og:type\" content=\"article\" \/>\n<meta property=\"og:title\" content=\"inicio\" \/>\n<meta property=\"og:description\" content=\"\u2018Este sitio es apoyado por el Sistema de Apoyos a la Creaci\u00f3n y Proyectos Culturales\u2019 Ley que erige en Ciudad Obreg\u00f3n el hasta hoy pueblo de CajemeCongreso del estado de SonoraEntrarDocumentalesDescubre documentales que rescatan la memoria de nuestros pueblos y colonias. Aqu\u00ed la Historia no se detiene, se cuenta.Entrar Repositorio digital hist\u00f3rico del Municipio de Cajeme Repositorio digital dedicado a preservar y difundir fotograf\u00edas, audios, videos, y documentos que representan la identidad de Cajeme, Sonora, M\u00e9xico. Estos archivos retratan la historia, evoluci\u00f3n y la vida cotidiana del municipio y su gente. Haz clic aqu\u00ed Visita la exposici\u00f3nEntre asfalto y sue\u00f1os: Ciudad Obreg\u00f3n 1955-1957 ENTRAR AntesDespu\u00e9s\" \/>\n<meta property=\"og:url\" content=\"https:\/\/redescubramossonora.mx\/memoriasdecajeme\/\" \/>\n<meta property=\"og:site_name\" content=\"Memorias de Cajeme\" \/>\n<meta property=\"article:modified_time\" content=\"2025-12-04T15:53:11+00:00\" \/>\n<meta property=\"og:image\" content=\"https:\/\/redescubramossonora.mx\/memoriasdecajeme\/wp-content\/uploads\/2025\/03\/scypc.png\" \/>\n\t<meta property=\"og:image:width\" content=\"4480\" \/>\n\t<meta property=\"og:image:height\" content=\"653\" \/>\n\t<meta property=\"og:image:type\" content=\"image\/png\" \/>\n<meta name=\"twitter:card\" content=\"summary_large_image\" \/>\n<meta name=\"twitter:label1\" content=\"Tiempo de lectura\" \/>\n\t<meta name=\"twitter:data1\" content=\"2 minutos\" \/>\n<script type=\"application\/ld+json\" class=\"yoast-schema-graph\">{\"@context\":\"https:\\\/\\\/schema.org\",\"@graph\":[{\"@type\":\"Article\",\"@id\":\"https:\\\/\\\/redescubramossonora.mx\\\/memoriasdecajeme\\\/#article\",\"isPartOf\":{\"@id\":\"https:\\\/\\\/redescubramossonora.mx\\\/memoriasdecajeme\\\/\"},\"author\":{\"name\":\"eygk5\",\"@id\":\"https:\\\/\\\/redescubramossonora.mx\\\/memoriasdecajeme\\\/#\\\/schema\\\/person\\\/7f7ceafef6b1129be2eddb9f3fb254be\"},\"headline\":\"inicio\",\"datePublished\":\"2025-03-07T18:38:12+00:00\",\"dateModified\":\"2025-12-04T15:53:11+00:00\",\"mainEntityOfPage\":{\"@id\":\"https:\\\/\\\/redescubramossonora.mx\\\/memoriasdecajeme\\\/\"},\"wordCount\":118,\"image\":{\"@id\":\"https:\\\/\\\/redescubramossonora.mx\\\/memoriasdecajeme\\\/#primaryimage\"},\"thumbnailUrl\":\"https:\\\/\\\/redescubramossonora.mx\\\/memoriasdecajeme\\\/wp-content\\\/uploads\\\/2025\\\/03\\\/scypc-1024x149.png\",\"inLanguage\":\"es\"},{\"@type\":\"WebPage\",\"@id\":\"https:\\\/\\\/redescubramossonora.mx\\\/memoriasdecajeme\\\/\",\"url\":\"https:\\\/\\\/redescubramossonora.mx\\\/memoriasdecajeme\\\/\",\"name\":\"inicio - Memorias de Cajeme\",\"isPartOf\":{\"@id\":\"https:\\\/\\\/redescubramossonora.mx\\\/memoriasdecajeme\\\/#website\"},\"primaryImageOfPage\":{\"@id\":\"https:\\\/\\\/redescubramossonora.mx\\\/memoriasdecajeme\\\/#primaryimage\"},\"image\":{\"@id\":\"https:\\\/\\\/redescubramossonora.mx\\\/memoriasdecajeme\\\/#primaryimage\"},\"thumbnailUrl\":\"https:\\\/\\\/redescubramossonora.mx\\\/memoriasdecajeme\\\/wp-content\\\/uploads\\\/2025\\\/03\\\/scypc-1024x149.png\",\"datePublished\":\"2025-03-07T18:38:12+00:00\",\"dateModified\":\"2025-12-04T15:53:11+00:00\",\"breadcrumb\":{\"@id\":\"https:\\\/\\\/redescubramossonora.mx\\\/memoriasdecajeme\\\/#breadcrumb\"},\"inLanguage\":\"es\",\"potentialAction\":[{\"@type\":\"ReadAction\",\"target\":[\"https:\\\/\\\/redescubramossonora.mx\\\/memoriasdecajeme\\\/\"]}]},{\"@type\":\"ImageObject\",\"inLanguage\":\"es\",\"@id\":\"https:\\\/\\\/redescubramossonora.mx\\\/memoriasdecajeme\\\/#primaryimage\",\"url\":\"https:\\\/\\\/redescubramossonora.mx\\\/memoriasdecajeme\\\/wp-content\\\/uploads\\\/2025\\\/03\\\/scypc.png\",\"contentUrl\":\"https:\\\/\\\/redescubramossonora.mx\\\/memoriasdecajeme\\\/wp-content\\\/uploads\\\/2025\\\/03\\\/scypc.png\",\"width\":4480,\"height\":653},{\"@type\":\"BreadcrumbList\",\"@id\":\"https:\\\/\\\/redescubramossonora.mx\\\/memoriasdecajeme\\\/#breadcrumb\",\"itemListElement\":[{\"@type\":\"ListItem\",\"position\":1,\"name\":\"Portada\",\"item\":\"https:\\\/\\\/redescubramossonora.mx\\\/memoriasdecajeme\\\/\"},{\"@type\":\"ListItem\",\"position\":2,\"name\":\"inicio\"}]},{\"@type\":\"WebSite\",\"@id\":\"https:\\\/\\\/redescubramossonora.mx\\\/memoriasdecajeme\\\/#website\",\"url\":\"https:\\\/\\\/redescubramossonora.mx\\\/memoriasdecajeme\\\/\",\"name\":\"My Blog\",\"description\":\"My WordPress Blog\",\"potentialAction\":[{\"@type\":\"SearchAction\",\"target\":{\"@type\":\"EntryPoint\",\"urlTemplate\":\"https:\\\/\\\/redescubramossonora.mx\\\/memoriasdecajeme\\\/?s={search_term_string}\"},\"query-input\":{\"@type\":\"PropertyValueSpecification\",\"valueRequired\":true,\"valueName\":\"search_term_string\"}}],\"inLanguage\":\"es\"},{\"@type\":\"Person\",\"@id\":\"https:\\\/\\\/redescubramossonora.mx\\\/memoriasdecajeme\\\/#\\\/schema\\\/person\\\/7f7ceafef6b1129be2eddb9f3fb254be\",\"name\":\"eygk5\",\"image\":{\"@type\":\"ImageObject\",\"inLanguage\":\"es\",\"@id\":\"https:\\\/\\\/redescubramossonora.mx\\\/memoriasdecajeme\\\/wp-content\\\/litespeed\\\/avatar\\\/59c92cb1345656a0cc218fd191a47d1d.jpg?ver=1778242144\",\"url\":\"https:\\\/\\\/redescubramossonora.mx\\\/memoriasdecajeme\\\/wp-content\\\/litespeed\\\/avatar\\\/59c92cb1345656a0cc218fd191a47d1d.jpg?ver=1778242144\",\"contentUrl\":\"https:\\\/\\\/redescubramossonora.mx\\\/memoriasdecajeme\\\/wp-content\\\/litespeed\\\/avatar\\\/59c92cb1345656a0cc218fd191a47d1d.jpg?ver=1778242144\",\"caption\":\"eygk5\"},\"sameAs\":[\"https:\\\/\\\/redescubramossonora.mx\\\/memoriasdecajeme\"],\"url\":\"https:\\\/\\\/redescubramossonora.mx\\\/memoriasdecajeme\\\/author\\\/eygk5\\\/\"}]}<\/script>\n<!-- \/ Yoast SEO Premium plugin. -->","yoast_head_json":{"title":"inicio - Memorias de Cajeme","robots":{"index":"index","follow":"follow","max-snippet":"max-snippet:-1","max-image-preview":"max-image-preview:large","max-video-preview":"max-video-preview:-1"},"canonical":"https:\/\/redescubramossonora.mx\/memoriasdecajeme\/","og_locale":"es_ES","og_type":"article","og_title":"inicio","og_description":"\u2018Este sitio es apoyado por el Sistema de Apoyos a la Creaci\u00f3n y Proyectos Culturales\u2019 Ley que erige en Ciudad Obreg\u00f3n el hasta hoy pueblo de CajemeCongreso del estado de SonoraEntrarDocumentalesDescubre documentales que rescatan la memoria de nuestros pueblos y colonias. Aqu\u00ed la Historia no se detiene, se cuenta.Entrar Repositorio digital hist\u00f3rico del Municipio de Cajeme Repositorio digital dedicado a preservar y difundir fotograf\u00edas, audios, videos, y documentos que representan la identidad de Cajeme, Sonora, M\u00e9xico. Estos archivos retratan la historia, evoluci\u00f3n y la vida cotidiana del municipio y su gente. Haz clic aqu\u00ed Visita la exposici\u00f3nEntre asfalto y sue\u00f1os: Ciudad Obreg\u00f3n 1955-1957 ENTRAR AntesDespu\u00e9s","og_url":"https:\/\/redescubramossonora.mx\/memoriasdecajeme\/","og_site_name":"Memorias de Cajeme","article_modified_time":"2025-12-04T15:53:11+00:00","og_image":[{"width":4480,"height":653,"url":"https:\/\/redescubramossonora.mx\/memoriasdecajeme\/wp-content\/uploads\/2025\/03\/scypc.png","type":"image\/png"}],"twitter_card":"summary_large_image","twitter_misc":{"Tiempo de lectura":"2 minutos"},"schema":{"@context":"https:\/\/schema.org","@graph":[{"@type":"Article","@id":"https:\/\/redescubramossonora.mx\/memoriasdecajeme\/#article","isPartOf":{"@id":"https:\/\/redescubramossonora.mx\/memoriasdecajeme\/"},"author":{"name":"eygk5","@id":"https:\/\/redescubramossonora.mx\/memoriasdecajeme\/#\/schema\/person\/7f7ceafef6b1129be2eddb9f3fb254be"},"headline":"inicio","datePublished":"2025-03-07T18:38:12+00:00","dateModified":"2025-12-04T15:53:11+00:00","mainEntityOfPage":{"@id":"https:\/\/redescubramossonora.mx\/memoriasdecajeme\/"},"wordCount":118,"image":{"@id":"https:\/\/redescubramossonora.mx\/memoriasdecajeme\/#primaryimage"},"thumbnailUrl":"https:\/\/redescubramossonora.mx\/memoriasdecajeme\/wp-content\/uploads\/2025\/03\/scypc-1024x149.png","inLanguage":"es"},{"@type":"WebPage","@id":"https:\/\/redescubramossonora.mx\/memoriasdecajeme\/","url":"https:\/\/redescubramossonora.mx\/memoriasdecajeme\/","name":"inicio - Memorias de Cajeme","isPartOf":{"@id":"https:\/\/redescubramossonora.mx\/memoriasdecajeme\/#website"},"primaryImageOfPage":{"@id":"https:\/\/redescubramossonora.mx\/memoriasdecajeme\/#primaryimage"},"image":{"@id":"https:\/\/redescubramossonora.mx\/memoriasdecajeme\/#primaryimage"},"thumbnailUrl":"https:\/\/redescubramossonora.mx\/memoriasdecajeme\/wp-content\/uploads\/2025\/03\/scypc-1024x149.png","datePublished":"2025-03-07T18:38:12+00:00","dateModified":"2025-12-04T15:53:11+00:00","breadcrumb":{"@id":"https:\/\/redescubramossonora.mx\/memoriasdecajeme\/#breadcrumb"},"inLanguage":"es","potentialAction":[{"@type":"ReadAction","target":["https:\/\/redescubramossonora.mx\/memoriasdecajeme\/"]}]},{"@type":"ImageObject","inLanguage":"es","@id":"https:\/\/redescubramossonora.mx\/memoriasdecajeme\/#primaryimage","url":"https:\/\/redescubramossonora.mx\/memoriasdecajeme\/wp-content\/uploads\/2025\/03\/scypc.png","contentUrl":"https:\/\/redescubramossonora.mx\/memoriasdecajeme\/wp-content\/uploads\/2025\/03\/scypc.png","width":4480,"height":653},{"@type":"BreadcrumbList","@id":"https:\/\/redescubramossonora.mx\/memoriasdecajeme\/#breadcrumb","itemListElement":[{"@type":"ListItem","position":1,"name":"Portada","item":"https:\/\/redescubramossonora.mx\/memoriasdecajeme\/"},{"@type":"ListItem","position":2,"name":"inicio"}]},{"@type":"WebSite","@id":"https:\/\/redescubramossonora.mx\/memoriasdecajeme\/#website","url":"https:\/\/redescubramossonora.mx\/memoriasdecajeme\/","name":"My Blog","description":"My WordPress Blog","potentialAction":[{"@type":"SearchAction","target":{"@type":"EntryPoint","urlTemplate":"https:\/\/redescubramossonora.mx\/memoriasdecajeme\/?s={search_term_string}"},"query-input":{"@type":"PropertyValueSpecification","valueRequired":true,"valueName":"search_term_string"}}],"inLanguage":"es"},{"@type":"Person","@id":"https:\/\/redescubramossonora.mx\/memoriasdecajeme\/#\/schema\/person\/7f7ceafef6b1129be2eddb9f3fb254be","name":"eygk5","image":{"@type":"ImageObject","inLanguage":"es","@id":"https:\/\/redescubramossonora.mx\/memoriasdecajeme\/wp-content\/litespeed\/avatar\/59c92cb1345656a0cc218fd191a47d1d.jpg?ver=1778242144","url":"https:\/\/redescubramossonora.mx\/memoriasdecajeme\/wp-content\/litespeed\/avatar\/59c92cb1345656a0cc218fd191a47d1d.jpg?ver=1778242144","contentUrl":"https:\/\/redescubramossonora.mx\/memoriasdecajeme\/wp-content\/litespeed\/avatar\/59c92cb1345656a0cc218fd191a47d1d.jpg?ver=1778242144","caption":"eygk5"},"sameAs":["https:\/\/redescubramossonora.mx\/memoriasdecajeme"],"url":"https:\/\/redescubramossonora.mx\/memoriasdecajeme\/author\/eygk5\/"}]}},"_links":{"self":[{"href":"https:\/\/redescubramossonora.mx\/memoriasdecajeme\/wp-json\/wp\/v2\/pages\/1796","targetHints":{"allow":["GET"]}}],"collection":[{"href":"https:\/\/redescubramossonora.mx\/memoriasdecajeme\/wp-json\/wp\/v2\/pages"}],"about":[{"href":"https:\/\/redescubramossonora.mx\/memoriasdecajeme\/wp-json\/wp\/v2\/types\/page"}],"author":[{"embeddable":true,"href":"https:\/\/redescubramossonora.mx\/memoriasdecajeme\/wp-json\/wp\/v2\/users\/1"}],"replies":[{"embeddable":true,"href":"https:\/\/redescubramossonora.mx\/memoriasdecajeme\/wp-json\/wp\/v2\/comments?post=1796"}],"version-history":[{"count":235,"href":"https:\/\/redescubramossonora.mx\/memoriasdecajeme\/wp-json\/wp\/v2\/pages\/1796\/revisions"}],"predecessor-version":[{"id":7150,"href":"https:\/\/redescubramossonora.mx\/memoriasdecajeme\/wp-json\/wp\/v2\/pages\/1796\/revisions\/7150"}],"wp:attachment":[{"href":"https:\/\/redescubramossonora.mx\/memoriasdecajeme\/wp-json\/wp\/v2\/media?parent=1796"}],"curies":[{"name":"wp","href":"https:\/\/api.w.org\/{rel}","templated":true}]}}